{"id":942,"date":"2024-02-15T10:53:14","date_gmt":"2024-02-15T13:53:14","guid":{"rendered":"https:\/\/aligera.com.br\/novo\/?page_id=942"},"modified":"2026-03-12T10:55:19","modified_gmt":"2026-03-12T13:55:19","slug":"politica-de-privacidade-2","status":"publish","type":"page","link":"https:\/\/aligera.com.br\/novo\/politica-de-privacidade-2\/","title":{"rendered":"Pol\u00edtica de Privacidade"},"content":{"rendered":"\n<style type=\"text\/css\" data-created_by=\"avia_inline_auto\" id=\"style-css-av-lsj7x9yi-1ae10f62a6b0b6f27c8a615a15a600da\">\n.avia-section.av-lsj7x9yi-1ae10f62a6b0b6f27c8a615a15a600da{\nbackground-color:#e1ecf9;\nbackground-image:unset;\n}\n<\/style>\n<div id='av_section_1'  class='avia-section av-lsj7x9yi-1ae10f62a6b0b6f27c8a615a15a600da main_color avia-section-default avia-no-border-styling  avia-builder-el-0  avia-builder-el-no-sibling  avia-bg-style-scroll container_wrap fullsize'  ><div class='container av-section-cont-open' ><main  role=\"main\" itemprop=\"mainContentOfPage\"  class='template-page content  av-content-full alpha units'><div class='post-entry post-entry-type-page post-entry-942'><div class='entry-content-wrapper clearfix'>\n<div  class='flex_column av-ewbtq-13d8b80ac3a939f4da31236d5e67759c av_one_half  avia-builder-el-1  el_before_av_one_half  avia-builder-el-first  first flex_column_div  '     ><style type=\"text\/css\" data-created_by=\"avia_inline_auto\" id=\"style-css-av-lsna68vv-280caa92f7473d8c876a1ec7a5322508\">\n#top .av_textblock_section.av-lsna68vv-280caa92f7473d8c876a1ec7a5322508 .avia_textblock{\ntext-align:justify;\n}\n<\/style>\n<section  class='av_textblock_section av-lsna68vv-280caa92f7473d8c876a1ec7a5322508 '   itemscope=\"itemscope\" itemtype=\"https:\/\/schema.org\/CreativeWork\" ><div class='avia_textblock'  itemprop=\"text\" ><p><strong>A &#8211; INTRODU\u00c7\u00c3O<\/strong><\/p>\n<p>A privacidade dos visitantes do nosso site \u00e9 muito importante para n\u00f3s, e estamos comprometidos em proteg\u00ea-la. Esta pol\u00edtica explica o que faremos com suas informa\u00e7\u00f5es pessoais.<\/p>\n<p>Quando voc\u00ea acessa nosso site, tamb\u00e9m recebemos automaticamente o protocolo de internet do seu computador &#8211; endere\u00e7o de IP &#8211; a fim de obter informa\u00e7\u00f5es que nos ajudem a aprender sobre seu navegador e sistema operacional.<\/p>\n<p>Consentir com o uso de cookies de acordo com os termos desta pol\u00edtica, quando voc\u00ea acessa nosso site pela primeira vez, nos permite usar cookies toda vez que voc\u00ea acessa nosso site.<\/p>\n<p><strong>B &#8211; COLETA DE INFORMA\u00c7\u00d5ES PESSOAIS<\/strong><\/p>\n<p>Os seguintes tipos de informa\u00e7\u00f5es pessoais podem ser coletados, armazenados e usados, quando alguma das situa\u00e7\u00f5es abaixo se aplicar:<\/p>\n<p>Informa\u00e7\u00f5es sobre o seu computador, incluindo seu endere\u00e7o IP, localiza\u00e7\u00e3o geogr\u00e1fica, tipo e vers\u00e3o do navegador e sistema operacional;<br \/>\nInforma\u00e7\u00f5es sobre suas visitas e uso deste site, incluindo fonte de refer\u00eancia, dura\u00e7\u00e3o da visita, visualiza\u00e7\u00f5es de p\u00e1gina e caminhos de navega\u00e7\u00e3o no site;<br \/>\nInforma\u00e7\u00f5es como seu nome e endere\u00e7o de e-mail, caso voc\u00ea realize algum cadastro em nosso site;<br \/>\nInforma\u00e7\u00f5es como seu nome e endere\u00e7o de e-mail, caso voc\u00ea realize algum cadastro de assinaturas de nossos e-mails e\/ou newsletters;<br \/>\nInforma\u00e7\u00f5es que voc\u00ea digita durante o uso dos servi\u00e7os em nosso site;<br \/>\nInforma\u00e7\u00f5es geradas ao usar nosso site incluindo: quando, com que frequ\u00eancia e em que circunst\u00e2ncias voc\u00ea o utiliza;<br \/>\nInforma\u00e7\u00f5es relacionadas a tudo o que voc\u00ea compra, servi\u00e7os que usa ou transa\u00e7\u00f5es que realiza atrav\u00e9s do nosso site (quando aplic\u00e1vel), incluindo nome, endere\u00e7o, n\u00famero de telefone, endere\u00e7o de e-mail e dados do cart\u00e3o de cr\u00e9dito;<br \/>\nInforma\u00e7\u00f5es contidas em quaisquer comunica\u00e7\u00f5es que voc\u00ea nos envia por e-mail ou atrav\u00e9s de nosso site, incluindo o conte\u00fado e os metadados da comunica\u00e7\u00e3o;<br \/>\nQualquer outra informa\u00e7\u00e3o pessoal que voc\u00ea nos enviar.<\/p>\n<p>Antes de nos fornecer informa\u00e7\u00f5es pessoais de outra pessoa, voc\u00ea deve obter o consentimento dessa pessoa para a divulga\u00e7\u00e3o e o processamento dessas informa\u00e7\u00f5es pessoais de acordo com esta pol\u00edtica.<\/p>\n<p><strong>C &#8211; USO DE SUAS INFORMA\u00c7\u00d5ES PESSOAIS<\/strong><\/p>\n<p>As informa\u00e7\u00f5es pessoais que nos s\u00e3o enviadas por meio de nosso site ser\u00e3o usadas para os fins especificados nesta pol\u00edtica ou nas p\u00e1ginas relevantes do site. Podemos usar suas informa\u00e7\u00f5es pessoais para o seguinte:<\/p>\n<p>Administrar nosso site e nossos neg\u00f3cios;<br \/>\nPersonalizar nosso site para voc\u00ea;<br \/>\nPossibilitar o uso dos servi\u00e7os dispon\u00edveis em nosso site;<br \/>\nEnviar produtos adquiridos atrav\u00e9s do nosso site;<br \/>\nPrestar servi\u00e7os adquiridos atrav\u00e9s do nosso site;<br \/>\nEnviar extratos, faturas e lembretes de pagamento, bem como coletar seus pagamentos;<br \/>\nEnviar comunica\u00e7\u00f5es comerciais;<br \/>\nEnviar notifica\u00e7\u00f5es por e-mail solicitadas especificamente por voc\u00ea;<br \/>\nEnviar nossa newsletter por e-mail, caso voc\u00ea a tenha solicitado (voc\u00ea pode nos informar a qualquer momento se n\u00e3o quiser mais receber a newsletter);<br \/>\nEnviar comunica\u00e7\u00f5es de marketing relacionadas aos nossos neg\u00f3cios ou aos neg\u00f3cios de terceiros cuidadosamente selecionados que acreditamos ser do seu interesse, por correio ou, onde voc\u00ea especificamente concordou com isso, por e-mail ou tecnologia semelhante (voc\u00ea pode nos informar a qualquer momento se n\u00e3o mais quiser mais receber comunica\u00e7\u00f5es de marketing);<br \/>\nFornecer a terceiros informa\u00e7\u00f5es estat\u00edsticas sobre nossos usu\u00e1rios (mas esses terceiros n\u00e3o poder\u00e3o identificar nenhum usu\u00e1rio individual a partir dessas informa\u00e7\u00f5es);<br \/>\nLidar com perguntas e reclama\u00e7\u00f5es feitas por voc\u00ea ou sobre voc\u00ea em rela\u00e7\u00e3o ao nosso site;<br \/>\nManter nosso site seguro e evitar fraudes;<br \/>\nVerificar a conformidade com os termos e condi\u00e7\u00f5es que regem o uso do nosso site (incluindo o monitoramento de mensagens privadas, enviadas por meio do servi\u00e7o de mensagens privadas do nosso site) e outros usos.<\/p>\n<p>Se voc\u00ea enviar informa\u00e7\u00f5es pessoais para publica\u00e7\u00e3o em nosso site, publicaremos e usaremos essas informa\u00e7\u00f5es de acordo com a licen\u00e7a que voc\u00ea nos concedeu.<\/p>\n<p>Sem seu consentimento expresso, n\u00e3o forneceremos suas informa\u00e7\u00f5es pessoais a terceiros para fins de marketing direto por parte deles ou de terceiros.<\/p>\n<p><strong>D &#8211; DIVULGA\u00c7\u00c3O DE INFORMA\u00c7\u00d5ES PESSOAIS<\/strong><\/p>\n<p>Podemos divulgar suas informa\u00e7\u00f5es pessoais a qualquer um de nossos funcion\u00e1rios, executivos, seguradoras, consultores profissionais, agentes, fornecedores ou subcontratados conforme razoavelmente necess\u00e1rio para os fins estabelecidos nesta pol\u00edtica.<\/p>\n<p>Podemos divulgar suas informa\u00e7\u00f5es pessoais a qualquer membro de nosso grupo de empresas (isso significa nossas subsidi\u00e1rias, nossa holding e todas as suas subsidi\u00e1rias) conforme razoavelmente necess\u00e1rio para os fins estabelecidos nesta pol\u00edtica.<\/p>\n<p>Podemos divulgar suas informa\u00e7\u00f5es pessoais:<\/p>\n<p>Na medida em que somos obrigados a faz\u00ea-lo por lei;<br \/>\nEm rela\u00e7\u00e3o a qualquer processo judicial em andamento ou potencial;<br \/>\nPara estabelecer, exercer ou defender nossos direitos legais (incluindo fornecer informa\u00e7\u00f5es a terceiros para fins de preven\u00e7\u00e3o de fraudes e redu\u00e7\u00e3o do risco de cr\u00e9dito);<br \/>\nAo comprador (ou comprador em potencial) de qualquer neg\u00f3cio ou ativo que estejamos vendendo (ou contemplando vender); e<br \/>\nA qualquer pessoa que acreditemos, de forma racional, que possa solicitar a um tribunal ou outra autoridade competente a divulga\u00e7\u00e3o dessas informa\u00e7\u00f5es pessoais, quando, em nossa opini\u00e3o e de forma razo\u00e1vel, for prov\u00e1vel que tal tribunal ou autoridade ordene a divulga\u00e7\u00e3o dessas informa\u00e7\u00f5es pessoais.<\/p>\n<p>Exceto conforme estabelecido nesta pol\u00edtica, n\u00e3o forneceremos suas informa\u00e7\u00f5es pessoais a terceiros.<\/p>\n<p><strong>E &#8211; TRANSFER\u00caNCIAS INTERNACIONAIS DE DADOS (QUANDO APLIC\u00c1VEL)<\/strong><\/p>\n<p>As informa\u00e7\u00f5es que coletamos podem ser armazenadas, processadas e transferidas entre qualquer um dos pa\u00edses em que operamos, a fim de nos permitir usar as informa\u00e7\u00f5es de acordo com esta pol\u00edtica.<br \/>\nAs informa\u00e7\u00f5es pessoais que voc\u00ea publica em nosso site ou envia para publica\u00e7\u00e3o em nosso site podem estar dispon\u00edveis, atrav\u00e9s da internet, em todo o mundo. N\u00e3o podemos impedir o uso ou uso indevido de tais informa\u00e7\u00f5es por terceiros.<br \/>\nVoc\u00ea concorda expressamente com as transfer\u00eancias de informa\u00e7\u00f5es pessoais descritas nesta se\u00e7\u00e3o E.<\/p>\n<p><strong>F &#8211; SERVI\u00c7OS DE TERCEIROS<\/strong><\/p>\n<p>No geral, os fornecedores terceirizados usados por n\u00f3s ir\u00e3o apenas coletar, usar e divulgar suas informa\u00e7\u00f5es na medida do necess\u00e1rio, para permitir que eles realizem os servi\u00e7os que eles nos fornecem.<\/p>\n<p>Entretanto, certos fornecedores de servi\u00e7os terceirizados, tais como gateways de pagamento e outros processadores de transa\u00e7\u00e3o de pagamento, t\u00eam suas pr\u00f3prias pol\u00edticas de privacidade com respeito \u00e0 informa\u00e7\u00e3o. Somos obrigados a fornecer para eles as informa\u00e7\u00f5es de suas transa\u00e7\u00f5es relacionadas com compras.<\/p>\n<p>Para esses fornecedores, recomendamos que voc\u00ea leia suas pol\u00edticas de privacidade para que voc\u00ea possa entender a maneira na qual suas informa\u00e7\u00f5es pessoais ser\u00e3o usadas por esses fornecedores.<\/p>\n<p>Em particular, lembre-se que certos fornecedores podem ser localizados em ou possuir instala\u00e7\u00f5es que s\u00e3o localizadas em jurisdi\u00e7\u00f5es diferentes que voc\u00ea ou n\u00f3s. Assim, se voc\u00ea quer continuar com uma transa\u00e7\u00e3o que envolve os servi\u00e7os de um fornecedor de servi\u00e7o terceirizado, ent\u00e3o suas informa\u00e7\u00f5es podem tornar-se sujeitas \u00e0s leis da(s) jurisdi\u00e7\u00e3o(\u00f5es) nas quais o fornecedor de servi\u00e7o ou suas instala\u00e7\u00f5es est\u00e3o localizados.<\/p>\n<p>Uma vez que voc\u00ea deixe o site da nossa loja ou seja redirecionado para um aplicativo ou site de terceiros, voc\u00ea n\u00e3o ser\u00e1 mais regido por essa Pol\u00edtica de Privacidade ou pelos Termos de Servi\u00e7o do nosso site.<\/p>\n<p><strong>G &#8211; RETEN\u00c7\u00c3O DE INFORMA\u00c7\u00d5ES PESSOAIS<\/strong><\/p>\n<p>Esta se\u00e7\u00e3o G define nossas pol\u00edticas e procedimentos de reten\u00e7\u00e3o de dados, projetados para ajudar a garantir o cumprimento de nossas obriga\u00e7\u00f5es legais em rela\u00e7\u00e3o \u00e0 reten\u00e7\u00e3o e exclus\u00e3o de informa\u00e7\u00f5es pessoais.<\/p>\n<p>As informa\u00e7\u00f5es pessoais que processamos, para qualquer prop\u00f3sito ou prop\u00f3sitos, n\u00e3o devem ser mantidas por mais tempo do que o necess\u00e1rio para esse prop\u00f3sito ou prop\u00f3sitos.<\/p>\n<p>N\u00e3o obstante as outras disposi\u00e7\u00f5es desta se\u00e7\u00e3o G, reteremos documentos (incluindo documentos eletr\u00f4nicos) que contenham dados pessoais:<\/p>\n<p>Na medida em que somos obrigados a faz\u00ea-lo por lei;<br \/>\nSe acreditarmos que os documentos podem ser relevantes para qualquer processo judicial em andamento ou potencial;<br \/>\nPara estabelecer, exercer ou defender nossos direitos legais (incluindo fornecer informa\u00e7\u00f5es a terceiros para fins de preven\u00e7\u00e3o de fraudes e redu\u00e7\u00e3o do risco de cr\u00e9dito);<\/p>\n<\/div><\/section><\/div><div  class='flex_column av-73wx2-9ae21ac7c8d8f8c95ab2e19193095a8c av_one_half  avia-builder-el-3  el_after_av_one_half  avia-builder-el-last  flex_column_div  '     ><style type=\"text\/css\" data-created_by=\"avia_inline_auto\" id=\"style-css-av-lsna7fgj-5a0e0c856d3ffcb89e72f87d60f5c779\">\n#top .av_textblock_section.av-lsna7fgj-5a0e0c856d3ffcb89e72f87d60f5c779 .avia_textblock{\ntext-align:justify;\n}\n<\/style>\n<section  class='av_textblock_section av-lsna7fgj-5a0e0c856d3ffcb89e72f87d60f5c779 '   itemscope=\"itemscope\" itemtype=\"https:\/\/schema.org\/CreativeWork\" ><div class='avia_textblock'  itemprop=\"text\" ><p>Para o desempenho das fun\u00e7\u00f5es comerciais e administrativas do nosso neg\u00f3cio.<\/p>\n<p><strong>H &#8211; SEGURAN\u00c7A DE SUAS INFORMA\u00c7\u00d5ES PESSOAIS<\/strong><\/p>\n<p>Tomaremos as devidas precau\u00e7\u00f5es t\u00e9cnicas e organizacionais para evitar a perda, mau uso ou altera\u00e7\u00e3o de suas informa\u00e7\u00f5es pessoais.<\/p>\n<p>Todas as transa\u00e7\u00f5es financeiras eletr\u00f4nicas (quando aplic\u00e1vel) realizadas atrav\u00e9s do nosso site ser\u00e3o protegidas por tecnologia de criptografia SSL &#8220;Secure Socket Layer&#8221;.<\/p>\n<p>Voc\u00ea reconhece que a transmiss\u00e3o de informa\u00e7\u00f5es pela internet \u00e9 inerentemente insegura e que n\u00e3o podemos garantir 100% de seguran\u00e7a em rela\u00e7\u00e3o a dados enviados pela internet.<\/p>\n<p>Voc\u00ea \u00e9 respons\u00e1vel por manter em sigilo a senha usada para acessar nosso site (quando aplic\u00e1vel); n\u00e3o solicitaremos sua senha (exceto quando voc\u00ea fizer login em nosso site).<\/p>\n<p><strong>I \u2013 ALTERA\u00c7\u00d5ES<\/strong><\/p>\n<p>Podemos atualizar esta pol\u00edtica periodicamente, atrav\u00e9s da publica\u00e7\u00e3o de uma nova vers\u00e3o em nosso site. Voc\u00ea deve verificar esta p\u00e1gina ocasionalmente para garantir que compreende quaisquer altera\u00e7\u00f5es nesta pol\u00edtica. Podemos notific\u00e1-lo sobre altera\u00e7\u00f5es nesta pol\u00edtica por e-mail, ou atrav\u00e9s do sistema de mensagens privadas em nosso site.<\/p>\n<p><strong>J &#8211; SEUS DIREITOS<\/strong><\/p>\n<p>Voc\u00ea pode nos instruir a fornecer qualquer informa\u00e7\u00e3o pessoal que detenhamos sobre voc\u00ea; o fornecimento dessas informa\u00e7\u00f5es estar\u00e1 sujeito \u00e0 apresenta\u00e7\u00e3o de evid\u00eancia apropriada de sua identidade; geralmente aceitaremos uma c\u00f3pia autenticada do seu RG acrescida de uma c\u00f3pia original de uma fatura de servi\u00e7o mostrando seu endere\u00e7o atual.<\/p>\n<p>Voc\u00ea pode solicitar que apaguemos qualquer informa\u00e7\u00e3o pessoal sobre voc\u00ea que conste nos nossos registros. O fornecimento desse servi\u00e7o estar\u00e1 sujeito \u00e0 apresenta\u00e7\u00e3o de evid\u00eancia apropriada de sua identidade; geralmente aceitaremos uma c\u00f3pia autenticada do seu RG acrescida de uma c\u00f3pia original de uma fatura de servi\u00e7o mostrando seu endere\u00e7o atual. Para tanto, fa\u00e7a a sua solicita\u00e7\u00e3o utilizando o e-mail\u00a0<a href=\"mailto:comercial@aligera.com.br\">comercial@aligera.com.br<\/a><\/p>\n<p>Podemos reter as informa\u00e7\u00f5es pessoais solicitadas na extens\u00e3o permitida por lei.<\/p>\n<p>Voc\u00ea pode nos instruir a qualquer momento para n\u00e3o processar suas informa\u00e7\u00f5es pessoais para fins de marketing.<\/p>\n<p>Na pr\u00e1tica, voc\u00ea geralmente concordar\u00e1 expressamente com anteced\u00eancia com o uso de suas informa\u00e7\u00f5es pessoais para fins de marketing, ou ofereceremos a oportunidade de n\u00e3o permitir o uso de suas informa\u00e7\u00f5es pessoais para fins de marketing.<\/p>\n<p><strong>K &#8211; SITES DE TERCEIROS<\/strong><\/p>\n<p>Caso nosso site inclua links para sites de terceiros, n\u00e3o teremos controle e n\u00e3o seremos respons\u00e1veis pelas pol\u00edticas e pr\u00e1ticas de privacidade de terceiros.<\/p>\n<p><strong>L \u2013 COOKIES<\/strong><\/p>\n<p>Nosso site usa cookies. Um cookie \u00e9 um arquivo que cont\u00e9m um identificador (uma sequ\u00eancia de letras e n\u00fameros) que \u00e9 enviado por um servidor da web para um navegador, e \u00e9 armazenado por ele. O identificador \u00e9, ent\u00e3o, enviado de volta ao servidor toda vez que o navegador solicita uma p\u00e1gina do servidor. Os cookies podem ser cookies \u201cpersistentes\u201d ou cookies \u201cde sess\u00e3o\u201d. Um cookie persistente ser\u00e1 armazenado por um navegador e permanecer\u00e1 v\u00e1lido at\u00e9 a data de vencimento definida, a menos que seja exclu\u00eddo pelo usu\u00e1rio antes da data de vencimento; um cookie de sess\u00e3o, por outro lado, expirar\u00e1 no final da sess\u00e3o do usu\u00e1rio, quando o navegador for fechado.<\/p>\n<p>Os cookies normalmente n\u00e3o cont\u00eam nenhuma informa\u00e7\u00e3o que identifique pessoalmente um usu\u00e1rio, mas as informa\u00e7\u00f5es pessoais que armazenamos sobre voc\u00ea podem estar vinculadas \u00e0s informa\u00e7\u00f5es armazenadas e obtidas a partir de cookies. Utilizamos cookies persistentes e de sess\u00e3o em nosso site.<\/p>\n<p><strong>DESATIVAR COOKIES<\/strong><br \/>\nVoc\u00ea pode impedir a configura\u00e7\u00e3o de cookies ajustando as configura\u00e7\u00f5es do seu navegador (consulte a ajuda do navegador para saber como fazer isso). Esteja ciente de que a desativa\u00e7\u00e3o de cookies afetar\u00e1 a funcionalidade deste e de muitos outros sites que voc\u00ea visita. A desativa\u00e7\u00e3o de cookies geralmente resultar\u00e1 na desativa\u00e7\u00e3o de determinadas funcionalidades e recursos de um site.<\/p>\n<p><strong>OS SEGUINTES COOKIES PODEM ESTAR PRESENTES NESTE SITE:<\/strong><\/p>\n<p><strong>COOKIES RELACIONADOS \u00c0 CONTA<\/strong><br \/>\nUsados para o gerenciamento do processo de inscri\u00e7\u00e3o e administra\u00e7\u00e3o geral. Esses cookies geralmente ser\u00e3o exclu\u00eddos quando voc\u00ea sair do sistema, por\u00e9m, em alguns casos, eles poder\u00e3o permanecer posteriormente para lembrar as prefer\u00eancias do seu site ao sair.<\/p>\n<p><strong>COOKIES RELACIONADOS AO LOGIN<\/strong><br \/>\nAtivos quando voc\u00ea est\u00e1 logado, para que possamos lembrar dessa a\u00e7\u00e3o. Isso evita que voc\u00ea precise fazer login sempre que visitar uma nova p\u00e1gina. Esses cookies s\u00e3o normalmente removidos ou limpos quando voc\u00ea efetua logout, para garantir que voc\u00ea possa acessar apenas a recursos e \u00e1reas restritas ao efetuar login.<\/p>\n<p><strong>COOKIES RELACIONADOS A BOLETINS POR E-MAIL<\/strong><br \/>\nQuando dispon\u00edveis servi\u00e7os de assinatura de boletim informativo ou e-mail, os cookies podem ser usados para lembrar se voc\u00ea j\u00e1 est\u00e1 registrado e se deve mostrar determinadas notifica\u00e7\u00f5es v\u00e1lidas apenas para usu\u00e1rios inscritos\/n\u00e3o inscritos.<\/p>\n<p><strong>COOKIES RELACIONADOS AO PROCESSAMENTO DE PEDIDOS<\/strong><br \/>\nQuando dispon\u00edvel a facilidades do com\u00e9rcio eletr\u00f4nico ou pagamento on-line, cookies s\u00e3o empregados para garantir que o seu pedido seja lembrado entre as p\u00e1ginas, para que possamos process\u00e1-lo adequadamente.<\/p>\n<p><strong>COOKIES RELACIONADOS \u00c0 PESQUISAS<\/strong><br \/>\nQuando oferecidas pesquisas e question\u00e1rios para o levantamento de informa\u00e7\u00f5es estat\u00edsticas no sentido de entender nossa base de usu\u00e1rios com mais precis\u00e3o, cookies ser\u00e3o utilizados para lembrar quem j\u00e1 participou de uma pesquisa ou para fornecer resultados precisos ap\u00f3s a altera\u00e7\u00e3o das p\u00e1ginas.<\/p>\n<p><strong>COOKIES RELACIONADOS A FORMUL\u00c1RIOS<\/strong><br \/>\nQuando voc\u00ea envia dados por meio de um formul\u00e1rio como os encontrados nas p\u00e1ginas de contato ou nos formul\u00e1rios de coment\u00e1rios, os cookies podem ser configurados para lembrar os detalhes do usu\u00e1rio para correspond\u00eancia futura.<\/p>\n<p><strong>COOKIES DE PREFER\u00caNCIAS DO SITE<\/strong><br \/>\nPara proporcionar uma \u00f3tima experi\u00eancia neste site, fornecemos a funcionalidade para definir suas prefer\u00eancias de como esse site \u00e9 executado quando voc\u00ea o usa. Para lembrar suas prefer\u00eancias, precisamos definir cookies para que essas informa\u00e7\u00f5es possam ser chamadas sempre que voc\u00ea interagir com uma p\u00e1gina que possa ser afetada por suas prefer\u00eancias.<\/p>\n<p><strong>M &#8211; COOKIES DE TERCEIROS<\/strong><\/p>\n<p>Em alguns casos especiais, tamb\u00e9m usamos cookies fornecidos por terceiros confi\u00e1veis. A se\u00e7\u00e3o a seguir detalha quais cookies de terceiros voc\u00ea pode encontrar atrav\u00e9s deste site.<\/p>\n<p>Este site usa o Google Analytics, que \u00e9 uma das solu\u00e7\u00f5es de an\u00e1lise mais difundidas e confi\u00e1veis da Web, para nos ajudar a entender como voc\u00ea usa o site e como podemos melhorar sua experi\u00eancia. Esses cookies podem rastrear itens como quanto tempo voc\u00ea gasta no site e as p\u00e1ginas visitadas, para que possamos continuar produzindo conte\u00fado atraente.<br \/>\nPara mais informa\u00e7\u00f5es sobre cookies do Google Analytics, consulte a p\u00e1gina oficial do Google Analytics.<\/p>\n<p>Este site utiliza o servi\u00e7o de distribui\u00e7\u00e3o de email marketing Mail Chimp<br \/>\nO Mail Chimp \u00e9 uma plataforma de recolhimento de assinaturas, processamento e envio de e-mail marketing.<br \/>\nPara mais informa\u00e7\u00f5es sobre cookies do Mail Chimp, consulte a p\u00e1gina oficial do Mail Chimp.<\/p>\n<p>Este site utiliza o servi\u00e7o de provimento de chat Tawk.to.<br \/>\nTawk.to \u00e9 um sistema de mensagens instant\u00e2neas incorporado ao nosso site que prov\u00ea comunica\u00e7\u00e3o instant\u00e2nea e off-line com os usu\u00e1rios.<br \/>\nPara mais informa\u00e7\u00f5es sobre cookies do Tawk.to, consulte a p\u00e1gina oficial do Tawk.to.<\/p>\n<p>As an\u00e1lises de terceiros s\u00e3o usadas para rastrear e medir o uso deste site, para que possamos continuar produzindo conte\u00fado atrativo. Esses cookies podem rastrear itens como o tempo que voc\u00ea passa no site ou as p\u00e1ginas visitadas, o que nos ajuda a entender como podemos melhorar o site para voc\u00ea.<\/p>\n<p>Periodicamente, testamos novos recursos e fazemos altera\u00e7\u00f5es sutis na maneira como o site se apresenta. Quando ainda estamos testando novos recursos, esses cookies podem ser usados para garantir que voc\u00ea receba uma experi\u00eancia consistente durante o per\u00edodo que estiver no site, enquanto entendemos quais otimiza\u00e7\u00f5es os nossos usu\u00e1rios mais apreciam.<\/p>\n<p>\u00c0 medida que vendemos produtos, \u00e9 importante entendermos as estat\u00edsticas sobre quantos visitantes de nosso site realmente compram e, portanto, esse \u00e9 o tipo de dados que esses cookies rastrear\u00e3o. Isso \u00e9 importante para voc\u00ea, pois significa que podemos fazer previs\u00f5es de neg\u00f3cios com precis\u00e3o que nos permitem analisar nossos custos de publicidade e produtos para garantir o melhor pre\u00e7o poss\u00edvel.<\/p>\n<\/div><\/section><\/div>\n","protected":false},"excerpt":{"rendered":"","protected":false},"author":1,"featured_media":0,"parent":0,"menu_order":0,"comment_status":"closed","ping_status":"closed","template":"","meta":{"footnotes":""},"class_list":["post-942","page","type-page","status-publish","hentry"],"_links":{"self":[{"href":"https:\/\/aligera.com.br\/novo\/wp-json\/wp\/v2\/pages\/942","targetHints":{"allow":["GET"]}}],"collection":[{"href":"https:\/\/aligera.com.br\/novo\/wp-json\/wp\/v2\/pages"}],"about":[{"href":"https:\/\/aligera.com.br\/novo\/wp-json\/wp\/v2\/types\/page"}],"author":[{"embeddable":true,"href":"https:\/\/aligera.com.br\/novo\/wp-json\/wp\/v2\/users\/1"}],"replies":[{"embeddable":true,"href":"https:\/\/aligera.com.br\/novo\/wp-json\/wp\/v2\/comments?post=942"}],"version-history":[{"count":6,"href":"https:\/\/aligera.com.br\/novo\/wp-json\/wp\/v2\/pages\/942\/revisions"}],"predecessor-version":[{"id":3734,"href":"https:\/\/aligera.com.br\/novo\/wp-json\/wp\/v2\/pages\/942\/revisions\/3734"}],"wp:attachment":[{"href":"https:\/\/aligera.com.br\/novo\/wp-json\/wp\/v2\/media?parent=942"}],"curies":[{"name":"wp","href":"https:\/\/api.w.org\/{rel}","templated":true}]}}