{"id":3332,"date":"2026-01-30T07:30:04","date_gmt":"2026-01-30T10:30:04","guid":{"rendered":"https:\/\/aligera.com.br\/novo\/?page_id=3332"},"modified":"2026-03-23T17:18:12","modified_gmt":"2026-03-23T20:18:12","slug":"orcamento-2026","status":"publish","type":"page","link":"https:\/\/aligera.com.br\/novo\/orcamento-2026\/","title":{"rendered":".Or\u00e7amento"},"content":{"rendered":"<div id='av_section_1'  class='avia-section av-74mxc-91df0636b3f60b1f8c6df6a26cd25743 main_color avia-section-default avia-no-border-styling  avia-builder-el-0  avia-builder-el-no-sibling  avia-bg-style-scroll container_wrap fullsize'  ><div class='container av-section-cont-open' ><main  role=\"main\" itemprop=\"mainContentOfPage\"  class='template-page content  av-content-full alpha units'><div class='post-entry post-entry-type-page post-entry-3332'><div class='entry-content-wrapper clearfix'>\n\n<style type=\"text\/css\" data-created_by=\"avia_inline_auto\" id=\"style-css-av-lsw4eyr5-9da66b4877ef077be1d935b8958478e7\">\n#top .hr.hr-invisible.av-lsw4eyr5-9da66b4877ef077be1d935b8958478e7{\nheight:60px;\n}\n<\/style>\n<div  class='hr av-lsw4eyr5-9da66b4877ef077be1d935b8958478e7 hr-invisible  avia-builder-el-1  el_before_av_one_half  avia-builder-el-first '><span class='hr-inner '><span class=\"hr-inner-style\"><\/span><\/span><\/div>\n<div class='flex_column_table av-qojz4-e85fe00a074e74505d940052ba0b2103 sc-av_one_half av-equal-height-column-flextable'><div  class='flex_column av-qojz4-e85fe00a074e74505d940052ba0b2103 av_one_half  avia-builder-el-2  el_after_av_hr  el_before_av_one_half  first flex_column_table_cell av-equal-height-column av-align-middle  '     ><style type=\"text\/css\" data-created_by=\"avia_inline_auto\" id=\"style-css-av-lsoxmpb6-729818f682d69f9350d6d3831ca27fdc\">\n#top .av-special-heading.av-lsoxmpb6-729818f682d69f9350d6d3831ca27fdc{\npadding-bottom:10px;\nfont-size:40px;\n}\nbody .av-special-heading.av-lsoxmpb6-729818f682d69f9350d6d3831ca27fdc .av-special-heading-tag .heading-char{\nfont-size:25px;\n}\n#top #wrap_all .av-special-heading.av-lsoxmpb6-729818f682d69f9350d6d3831ca27fdc .av-special-heading-tag{\nfont-size:40px;\n}\n.av-special-heading.av-lsoxmpb6-729818f682d69f9350d6d3831ca27fdc .av-subheading{\nfont-size:15px;\n}\n\n@media only screen and (min-width: 480px) and (max-width: 767px){ \n#top #wrap_all .av-special-heading.av-lsoxmpb6-729818f682d69f9350d6d3831ca27fdc .av-special-heading-tag{\nfont-size:0.8em;\n}\n}\n\n@media only screen and (max-width: 479px){ \n#top #wrap_all .av-special-heading.av-lsoxmpb6-729818f682d69f9350d6d3831ca27fdc .av-special-heading-tag{\nfont-size:0.8em;\n}\n}\n<\/style>\n<div  class='av-special-heading av-lsoxmpb6-729818f682d69f9350d6d3831ca27fdc av-special-heading-h3 blockquote modern-quote  avia-builder-el-3  avia-builder-el-no-sibling  av-inherit-size'><h3 class='av-special-heading-tag'  itemprop=\"headline\"  ><span style=\"color: #000000;\">Pronto para transformar seu neg\u00f3cio com as solu\u00e7\u00f5es Aligera?<\/span><b><span style=\"color: #000000;\"><br \/>\nSolicite agora seu or\u00e7amento personalizado!<\/span><\/b><\/h3><div class=\"special-heading-border\"><div class=\"special-heading-inner-border\"><\/div><\/div><\/div><\/div><div class='av-flex-placeholder'><\/div>\n<style type=\"text\/css\" data-created_by=\"avia_inline_auto\" id=\"style-css-av-ikiuw-66ac7cc964b4b8f72f7e633e805c9ce8\">\n.flex_column.av-ikiuw-66ac7cc964b4b8f72f7e633e805c9ce8{\npadding:20px 10px 20px 110px;\n}\n<\/style>\n<div  class='flex_column av-ikiuw-66ac7cc964b4b8f72f7e633e805c9ce8 av_one_half  avia-builder-el-4  el_after_av_one_half  el_before_av_codeblock  flex_column_table_cell av-equal-height-column av-align-middle  '     ><p>\n<style type=\"text\/css\" data-created_by=\"avia_inline_auto\" id=\"style-css-av-hrdh4-31ec0245027e3dee4a8e9ec7ba794c32\">\n#top .av-special-heading.av-hrdh4-31ec0245027e3dee4a8e9ec7ba794c32{\npadding-bottom:10px;\nfont-size:30px;\n}\nbody .av-special-heading.av-hrdh4-31ec0245027e3dee4a8e9ec7ba794c32 .av-special-heading-tag .heading-char{\nfont-size:25px;\n}\n#top #wrap_all .av-special-heading.av-hrdh4-31ec0245027e3dee4a8e9ec7ba794c32 .av-special-heading-tag{\nfont-size:30px;\n}\n.av-special-heading.av-hrdh4-31ec0245027e3dee4a8e9ec7ba794c32 .av-subheading{\nfont-size:15px;\n}\n\n@media only screen and (min-width: 480px) and (max-width: 767px){ \n#top #wrap_all .av-special-heading.av-hrdh4-31ec0245027e3dee4a8e9ec7ba794c32 .av-special-heading-tag{\nfont-size:0.8em;\n}\n}\n\n@media only screen and (max-width: 479px){ \n#top #wrap_all .av-special-heading.av-hrdh4-31ec0245027e3dee4a8e9ec7ba794c32 .av-special-heading-tag{\nfont-size:0.8em;\n}\n}\n<\/style>\n<div  class='av-special-heading av-hrdh4-31ec0245027e3dee4a8e9ec7ba794c32 av-special-heading-h3 blockquote modern-quote  avia-builder-el-5  el_before_av_textblock  avia-builder-el-first  av-inherit-size'><h3 class='av-special-heading-tag'  itemprop=\"headline\"  ><b><span style=\"color: #166def;\">As melhores condi\u00e7\u00f5es<br \/>\ncomerciais para o seu neg\u00f3cio! <\/span><\/b><\/h3><div class=\"special-heading-border\"><div class=\"special-heading-inner-border\"><\/div><\/div><\/div><br \/>\n\n<style type=\"text\/css\" data-created_by=\"avia_inline_auto\" id=\"style-css-av-ad5dc-19b0b95b66d4a9f350f1d16d7c17500e\">\n#top .av_textblock_section.av-ad5dc-19b0b95b66d4a9f350f1d16d7c17500e .avia_textblock{\nfont-size:16px;\n}\n<\/style>\n<section  class='av_textblock_section av-ad5dc-19b0b95b66d4a9f350f1d16d7c17500e '   itemscope=\"itemscope\" itemtype=\"https:\/\/schema.org\/CreativeWork\" ><div class='avia_textblock av_inherit_color'  itemprop=\"text\" ><p>Viabilizamos sua solu\u00e7\u00e3o atrav\u00e9s de aquisi\u00e7\u00e3o ou loca\u00e7\u00e3o.<br \/>\nPagamento atrav\u00e9s de cart\u00e3o de cr\u00e9dito em at\u00e9 12x.<br \/>\nPagamento atrav\u00e9s de boleto mediante an\u00e1lise de cr\u00e9dito.<br \/>\nE aquele super desconto para pagamento a vista!<\/p>\n<\/div><\/section><\/p><\/div><\/div><!--close column table wrapper. Autoclose: 1 -->\n\n","protected":false},"excerpt":{"rendered":"","protected":false},"author":1,"featured_media":0,"parent":0,"menu_order":0,"comment_status":"closed","ping_status":"closed","template":"","meta":{"footnotes":""},"class_list":["post-3332","page","type-page","status-publish","hentry"],"_links":{"self":[{"href":"https:\/\/aligera.com.br\/novo\/wp-json\/wp\/v2\/pages\/3332","targetHints":{"allow":["GET"]}}],"collection":[{"href":"https:\/\/aligera.com.br\/novo\/wp-json\/wp\/v2\/pages"}],"about":[{"href":"https:\/\/aligera.com.br\/novo\/wp-json\/wp\/v2\/types\/page"}],"author":[{"embeddable":true,"href":"https:\/\/aligera.com.br\/novo\/wp-json\/wp\/v2\/users\/1"}],"replies":[{"embeddable":true,"href":"https:\/\/aligera.com.br\/novo\/wp-json\/wp\/v2\/comments?post=3332"}],"version-history":[{"count":4,"href":"https:\/\/aligera.com.br\/novo\/wp-json\/wp\/v2\/pages\/3332\/revisions"}],"predecessor-version":[{"id":3921,"href":"https:\/\/aligera.com.br\/novo\/wp-json\/wp\/v2\/pages\/3332\/revisions\/3921"}],"wp:attachment":[{"href":"https:\/\/aligera.com.br\/novo\/wp-json\/wp\/v2\/media?parent=3332"}],"curies":[{"name":"wp","href":"https:\/\/api.w.org\/{rel}","templated":true}]}}