{"id":3323,"date":"2026-01-30T07:27:22","date_gmt":"2026-01-30T10:27:22","guid":{"rendered":"https:\/\/aligera.com.br\/novo\/?page_id=3323"},"modified":"2026-03-23T17:18:09","modified_gmt":"2026-03-23T20:18:09","slug":"suporte-2026","status":"publish","type":"page","link":"https:\/\/aligera.com.br\/novo\/suporte-2026\/","title":{"rendered":".Suporte"},"content":{"rendered":"<div id='av_section_1'  class='avia-section av-lsj7x9yi-c8204476d9073700d96dfed8196ad36d main_color avia-section-default avia-no-border-styling  avia-builder-el-0  avia-builder-el-no-sibling  avia-bg-style-scroll container_wrap fullsize'  ><div class='container av-section-cont-open' ><main  role=\"main\" itemprop=\"mainContentOfPage\"  class='template-page content  av-content-full alpha units'><div class='post-entry post-entry-type-page post-entry-3323'><div class='entry-content-wrapper clearfix'>\n<div  class='flex_column av-92dvv-003f3e28269275bb0f1b42f3d978eeaa av_one_full  avia-builder-el-1  el_before_av_one_fourth  avia-builder-el-first  first flex_column_div  '     ><p>\n<style type=\"text\/css\" data-created_by=\"avia_inline_auto\" id=\"style-css-av-lsoxc3i1-69cfe03a89961e5261a694a98c46bcd6\">\n#top .av-special-heading.av-lsoxc3i1-69cfe03a89961e5261a694a98c46bcd6{\npadding-bottom:10px;\nfont-size:40px;\n}\nbody .av-special-heading.av-lsoxc3i1-69cfe03a89961e5261a694a98c46bcd6 .av-special-heading-tag .heading-char{\nfont-size:25px;\n}\n#top #wrap_all .av-special-heading.av-lsoxc3i1-69cfe03a89961e5261a694a98c46bcd6 .av-special-heading-tag{\nfont-size:40px;\n}\n.av-special-heading.av-lsoxc3i1-69cfe03a89961e5261a694a98c46bcd6 .av-subheading{\nfont-size:15px;\n}\n\n@media only screen and (min-width: 480px) and (max-width: 767px){ \n#top #wrap_all .av-special-heading.av-lsoxc3i1-69cfe03a89961e5261a694a98c46bcd6 .av-special-heading-tag{\nfont-size:0.8em;\n}\n}\n\n@media only screen and (max-width: 479px){ \n#top #wrap_all .av-special-heading.av-lsoxc3i1-69cfe03a89961e5261a694a98c46bcd6 .av-special-heading-tag{\nfont-size:0.8em;\n}\n}\n<\/style>\n<div  class='av-special-heading av-lsoxc3i1-69cfe03a89961e5261a694a98c46bcd6 av-special-heading-h3 blockquote modern-quote modern-centered  avia-builder-el-2  el_before_av_textblock  avia-builder-el-first  av-inherit-size'><h3 class='av-special-heading-tag'  itemprop=\"headline\"  ><b><span style=\"color: #327fef;\">Desafios dif\u00edceis? Solu\u00e7\u00f5es personalizadas<\/span><\/b><\/h3><div class=\"special-heading-border\"><div class=\"special-heading-inner-border\"><\/div><\/div><\/div><br \/>\n\n<style type=\"text\/css\" data-created_by=\"avia_inline_auto\" id=\"style-css-av-lsoxcihk-699a6e001568a25fc9f62c86ea5e1506\">\n#top .av_textblock_section.av-lsoxcihk-699a6e001568a25fc9f62c86ea5e1506 .avia_textblock{\nfont-size:18px;\n}\n<\/style>\n<section  class='av_textblock_section av-lsoxcihk-699a6e001568a25fc9f62c86ea5e1506 '   itemscope=\"itemscope\" itemtype=\"https:\/\/schema.org\/CreativeWork\" ><div class='avia_textblock'  itemprop=\"text\" ><p style=\"text-align: center;\">Na Aligera, combinamos pesquisa e desenvolvimento, engenharia e fabrica\u00e7\u00e3o pr\u00f3pria com suporte t\u00e9cnico abrangente, transfer\u00eancia de conhecimento, assist\u00eancia t\u00e9cnica e gerenciamento. Nossos servi\u00e7os s\u00e3o ideais para atender \u00e0s necessidades espec\u00edficas do seu neg\u00f3cio ou tecnologia.<\/p>\n<\/div><\/section><\/p><\/div><div  class='flex_column av-dzfcb-6b0e1e8e470629408b659c421a3388dc av_one_fourth  avia-builder-el-4  el_after_av_one_full  el_before_av_one_fourth  first flex_column_div  column-top-margin'     ><style type=\"text\/css\" data-created_by=\"avia_inline_auto\" id=\"style-css-av-lsj7ycgv-dd63c065ed1d44c2df765a4e951a6c7a\">\n.avia-image-container.av-lsj7ycgv-dd63c065ed1d44c2df765a4e951a6c7a img.avia_image{\nbox-shadow:none;\n}\n.avia-image-container.av-lsj7ycgv-dd63c065ed1d44c2df765a4e951a6c7a .av-image-caption-overlay-center{\ncolor:#ffffff;\n}\n<\/style>\n<div  class='avia-image-container av-lsj7ycgv-dd63c065ed1d44c2df765a4e951a6c7a av-styling- avia-align-center  avia-builder-el-5  avia-builder-el-no-sibling '   itemprop=\"image\" itemscope=\"itemscope\" itemtype=\"https:\/\/schema.org\/ImageObject\" ><div class=\"avia-image-container-inner\"><div class=\"avia-image-overlay-wrap\"><a href=\"https:\/\/aligera.com.br\/novo\/servicos-2026\/\" class='avia_image'  aria-label='suporte_contratar'><img decoding=\"async\" fetchpriority=\"high\" class='wp-image-3739 avia-img-lazy-loading-not-3739 avia_image ' src=\"https:\/\/aligera.com.br\/novo\/wp-content\/uploads\/2026\/03\/suporte_contratar.png\" alt='' title='suporte_contratar'  height=\"458\" width=\"520\"  itemprop=\"thumbnailUrl\" srcset=\"https:\/\/aligera.com.br\/novo\/wp-content\/uploads\/2026\/03\/suporte_contratar.png 520w, https:\/\/aligera.com.br\/novo\/wp-content\/uploads\/2026\/03\/suporte_contratar-300x264.png 300w\" sizes=\"(max-width: 520px) 100vw, 520px\" \/><\/a><\/div><\/div><\/div><\/div><div  class='flex_column av-lafpf-92ed9d176fab9340247d9d448599dead av_one_fourth  avia-builder-el-6  el_after_av_one_fourth  el_before_av_one_fourth  flex_column_div  column-top-margin'     ><style type=\"text\/css\" data-created_by=\"avia_inline_auto\" id=\"style-css-av-lsj7y45j-3d609f20d336334c1449943da654bc3c\">\n.avia-image-container.av-lsj7y45j-3d609f20d336334c1449943da654bc3c img.avia_image{\nbox-shadow:none;\n}\n.avia-image-container.av-lsj7y45j-3d609f20d336334c1449943da654bc3c .av-image-caption-overlay-center{\ncolor:#ffffff;\n}\n<\/style>\n<div  class='avia-image-container av-lsj7y45j-3d609f20d336334c1449943da654bc3c av-styling- avia-align-center  avia-builder-el-7  avia-builder-el-no-sibling '   itemprop=\"image\" itemscope=\"itemscope\" itemtype=\"https:\/\/schema.org\/ImageObject\" ><div class=\"avia-image-container-inner\"><div class=\"avia-image-overlay-wrap\"><a href=\"https:\/\/docs.aligera.com.br\/index.php\/Main_Page\" class='avia_image'  aria-label='suporte_download'><img decoding=\"async\" fetchpriority=\"high\" class='wp-image-3740 avia-img-lazy-loading-not-3740 avia_image ' src=\"https:\/\/aligera.com.br\/novo\/wp-content\/uploads\/2026\/03\/suporte_download.png\" alt='' title='suporte_download'  height=\"458\" width=\"520\"  itemprop=\"thumbnailUrl\" srcset=\"https:\/\/aligera.com.br\/novo\/wp-content\/uploads\/2026\/03\/suporte_download.png 520w, https:\/\/aligera.com.br\/novo\/wp-content\/uploads\/2026\/03\/suporte_download-300x264.png 300w\" sizes=\"(max-width: 520px) 100vw, 520px\" \/><\/a><\/div><\/div><\/div><\/div><div  class='flex_column av-aiwbf-cf77ae4b88cfdd219e59e25e0b739659 av_one_fourth  avia-builder-el-8  el_after_av_one_fourth  el_before_av_one_fourth  flex_column_div  column-top-margin'     ><style type=\"text\/css\" data-created_by=\"avia_inline_auto\" id=\"style-css-av-lsj7ylm7-596d35cec32ff4fd4705e97da71cf68b\">\n.avia-image-container.av-lsj7ylm7-596d35cec32ff4fd4705e97da71cf68b img.avia_image{\nbox-shadow:none;\n}\n.avia-image-container.av-lsj7ylm7-596d35cec32ff4fd4705e97da71cf68b .av-image-caption-overlay-center{\ncolor:#ffffff;\n}\n<\/style>\n<div  class='avia-image-container av-lsj7ylm7-596d35cec32ff4fd4705e97da71cf68b av-styling- avia-align-center  avia-builder-el-9  avia-builder-el-no-sibling '   itemprop=\"image\" itemscope=\"itemscope\" itemtype=\"https:\/\/schema.org\/ImageObject\" ><div class=\"avia-image-container-inner\"><div class=\"avia-image-overlay-wrap\"><a href=\"https:\/\/suporte.aligera.com.br\/support\/login\" class='avia_image'  aria-label='suporte_chamado'><img decoding=\"async\" fetchpriority=\"high\" class='wp-image-3741 avia-img-lazy-loading-not-3741 avia_image ' src=\"https:\/\/aligera.com.br\/novo\/wp-content\/uploads\/2026\/03\/suporte_chamado.png\" alt='' title='suporte_chamado'  height=\"458\" width=\"520\"  itemprop=\"thumbnailUrl\" srcset=\"https:\/\/aligera.com.br\/novo\/wp-content\/uploads\/2026\/03\/suporte_chamado.png 520w, https:\/\/aligera.com.br\/novo\/wp-content\/uploads\/2026\/03\/suporte_chamado-300x264.png 300w\" sizes=\"(max-width: 520px) 100vw, 520px\" \/><\/a><\/div><\/div><\/div><\/div><div  class='flex_column av-7q2or-ce3d552d9dd40b02589b0e7f0be4af4c av_one_fourth  avia-builder-el-10  el_after_av_one_fourth  avia-builder-el-last  flex_column_div  column-top-margin'     ><style type=\"text\/css\" data-created_by=\"avia_inline_auto\" id=\"style-css-av-lt3cr4il-4afdc79cd67b40ddbe92261565a65b3c\">\n.avia-image-container.av-lt3cr4il-4afdc79cd67b40ddbe92261565a65b3c img.avia_image{\nbox-shadow:none;\n}\n.avia-image-container.av-lt3cr4il-4afdc79cd67b40ddbe92261565a65b3c .av-image-caption-overlay-center{\ncolor:#ffffff;\n}\n<\/style>\n<div  class='avia-image-container av-lt3cr4il-4afdc79cd67b40ddbe92261565a65b3c av-styling- avia-align-center  avia-builder-el-11  avia-builder-el-no-sibling '   itemprop=\"image\" itemscope=\"itemscope\" itemtype=\"https:\/\/schema.org\/ImageObject\" ><div class=\"avia-image-container-inner\"><div class=\"avia-image-overlay-wrap\"><a href=\"https:\/\/aligera.com.br\/novo\/politica-de-garantia-para-produtos-da-aligera\/\" class='avia_image'  aria-label='suporte_garantia'><img decoding=\"async\" fetchpriority=\"high\" class='wp-image-3742 avia-img-lazy-loading-not-3742 avia_image ' src=\"https:\/\/aligera.com.br\/novo\/wp-content\/uploads\/2026\/03\/suporte_garantia.png\" alt='' title='suporte_garantia'  height=\"458\" width=\"520\"  itemprop=\"thumbnailUrl\" srcset=\"https:\/\/aligera.com.br\/novo\/wp-content\/uploads\/2026\/03\/suporte_garantia.png 520w, https:\/\/aligera.com.br\/novo\/wp-content\/uploads\/2026\/03\/suporte_garantia-300x264.png 300w\" sizes=\"(max-width: 520px) 100vw, 520px\" \/><\/a><\/div><\/div><\/div><\/div>\n","protected":false},"excerpt":{"rendered":"","protected":false},"author":1,"featured_media":0,"parent":0,"menu_order":0,"comment_status":"closed","ping_status":"closed","template":"","meta":{"footnotes":""},"class_list":["post-3323","page","type-page","status-publish","hentry"],"_links":{"self":[{"href":"https:\/\/aligera.com.br\/novo\/wp-json\/wp\/v2\/pages\/3323","targetHints":{"allow":["GET"]}}],"collection":[{"href":"https:\/\/aligera.com.br\/novo\/wp-json\/wp\/v2\/pages"}],"about":[{"href":"https:\/\/aligera.com.br\/novo\/wp-json\/wp\/v2\/types\/page"}],"author":[{"embeddable":true,"href":"https:\/\/aligera.com.br\/novo\/wp-json\/wp\/v2\/users\/1"}],"replies":[{"embeddable":true,"href":"https:\/\/aligera.com.br\/novo\/wp-json\/wp\/v2\/comments?post=3323"}],"version-history":[{"count":6,"href":"https:\/\/aligera.com.br\/novo\/wp-json\/wp\/v2\/pages\/3323\/revisions"}],"predecessor-version":[{"id":3920,"href":"https:\/\/aligera.com.br\/novo\/wp-json\/wp\/v2\/pages\/3323\/revisions\/3920"}],"wp:attachment":[{"href":"https:\/\/aligera.com.br\/novo\/wp-json\/wp\/v2\/media?parent=3323"}],"curies":[{"name":"wp","href":"https:\/\/api.w.org\/{rel}","templated":true}]}}