{"id":3274,"date":"2026-01-30T06:35:58","date_gmt":"2026-01-30T09:35:58","guid":{"rendered":"https:\/\/aligera.com.br\/novo\/?page_id=3274"},"modified":"2026-03-23T17:17:59","modified_gmt":"2026-03-23T20:17:59","slug":"infraestrutura-2026","status":"publish","type":"page","link":"https:\/\/aligera.com.br\/novo\/infraestrutura-2026\/","title":{"rendered":".Infraestrutura"},"content":{"rendered":"<div id='full_slider_1'  class='avia-fullwidth-slider main_color avia-shadow   avia-builder-el-0  el_before_av_section  avia-builder-el-first   container_wrap fullsize'  >\n<style type=\"text\/css\" data-created_by=\"avia_inline_auto\" id=\"style-css-av-mkvei1nn-d03d4511bcf8f0fb1e3583079e907037\">\n#top #wrap_all .avia-slideshow .av-slideshow-caption.av-mkvei1nn-d03d4511bcf8f0fb1e3583079e907037__0 .avia-caption-title{\nfont-size:26px;\ncolor:#ffffff;\n}\n<\/style>\n<div  class='avia-slideshow av-mkvei1nn-d03d4511bcf8f0fb1e3583079e907037 avia-slideshow-featured av_slideshow_full avia-slide-slider av-slideshow-ui av-control-default av-slideshow-manual av-loop-once av-loop-manual-endless av-default-height-applied   avia-slideshow-1' data-slideshow-options=\"{&quot;animation&quot;:&quot;slide&quot;,&quot;autoplay&quot;:false,&quot;loop_autoplay&quot;:&quot;once&quot;,&quot;interval&quot;:5,&quot;loop_manual&quot;:&quot;manual-endless&quot;,&quot;autoplay_stopper&quot;:false,&quot;noNavigation&quot;:false,&quot;bg_slider&quot;:false,&quot;keep_padding&quot;:false,&quot;hoverpause&quot;:false,&quot;show_slide_delay&quot;:0}\"  itemprop=\"image\" itemscope=\"itemscope\" itemtype=\"https:\/\/schema.org\/ImageObject\" ><ul class='avia-slideshow-inner ' style='padding-bottom: 28.666666666667%;'><li  data-controls='aviaTBaviaTBvideo_controls' data-mute='aviaTBaviaTBvideo_mute' data-loop='aviaTBaviaTBvideo_loop' data-disable-autoplay=''  data-video-ratio='5' class='avia-slideshow-slide av-mkvei1nn-d03d4511bcf8f0fb1e3583079e907037__0  av-video-slide  av-video-service-html5  av-hide-video-controls av-mute-video av-loop-video av-mobile-fallback-image  av-single-slide slide-1 slide-odd'><div data-rel='slideshow-1' class='avia-slide-wrap '    itemprop=\"video\" itemtype=\"https:\/\/schema.org\/VideoObject\" ><div class='av-slideshow-caption av-mkvei1nn-d03d4511bcf8f0fb1e3583079e907037__0 caption_fullwidth caption_center'><div class=\"container caption_container\"><div class=\"slideshow_caption\"><div class=\"slideshow_inner_caption\"><div class=\"slideshow_align_caption\"><h2 class='avia-caption-title '  itemprop=\"name\" >Comunica\u00e7\u00e3o de voz confi\u00e1vel para redes que n\u00e3o podem parar<\/h2><\/div><\/div><\/div><\/div><\/div><div class='av-click-overlay'><\/div><video class='avia_video'  autoplay playsinline loop preload=\"metadata\" muted  id='player_3274_1137869288_1732749616'><source src=\"https:\/\/aligera.com.br\/novo\/wp-content\/uploads\/2026\/01\/vitriolicnaivety_futuristic_glowing_light_trails_flowing_acro_c947265f-2840-4879-9299-a88d540425a7_0.mp4\" type=\"video\/mp4\" \/><\/video><div class=\"av-click-to-play-overlay\"><div class=\"avia_playpause_icon\"><\/div><\/div><\/div><\/li><\/ul><\/div><\/div>\n<div id='av_section_1'  class='avia-section av-3y0t3z-358d1ee69a84ac30bcc59368cadc82f9 main_color avia-section-default avia-no-border-styling  avia-builder-el-1  el_after_av_slideshow_full  avia-builder-el-last  avia-bg-style-scroll container_wrap fullsize'  ><div class='container av-section-cont-open' ><div class='template-page content  av-content-full alpha units'><div class='post-entry post-entry-type-page post-entry-3274'><div class='entry-content-wrapper clearfix'>\n\n<style type=\"text\/css\" data-created_by=\"avia_inline_auto\" id=\"style-css-av-mkvefyuq-301ea2cbfe9e5794adea97cb9c60c8b5\">\n#top .av-special-heading.av-mkvefyuq-301ea2cbfe9e5794adea97cb9c60c8b5{\npadding-bottom:10px;\ncolor:#327fef;\nfont-size:36px;\n}\nbody .av-special-heading.av-mkvefyuq-301ea2cbfe9e5794adea97cb9c60c8b5 .av-special-heading-tag .heading-char{\nfont-size:25px;\n}\n#top #wrap_all .av-special-heading.av-mkvefyuq-301ea2cbfe9e5794adea97cb9c60c8b5 .av-special-heading-tag{\nfont-size:36px;\n}\n.av-special-heading.av-mkvefyuq-301ea2cbfe9e5794adea97cb9c60c8b5 .special-heading-inner-border{\nborder-color:#327fef;\n}\n.av-special-heading.av-mkvefyuq-301ea2cbfe9e5794adea97cb9c60c8b5 .av-subheading{\nfont-size:22px;\n}\n\n@media only screen and (min-width: 480px) and (max-width: 767px){ \n#top #wrap_all .av-special-heading.av-mkvefyuq-301ea2cbfe9e5794adea97cb9c60c8b5 .av-special-heading-tag{\nfont-size:0.8em;\n}\n}\n\n@media only screen and (max-width: 479px){ \n#top #wrap_all .av-special-heading.av-mkvefyuq-301ea2cbfe9e5794adea97cb9c60c8b5 .av-special-heading-tag{\nfont-size:0.8em;\n}\n}\n<\/style>\n<div  class='av-special-heading av-mkvefyuq-301ea2cbfe9e5794adea97cb9c60c8b5 av-special-heading-h3 custom-color-heading blockquote modern-quote  avia-builder-el-2  el_before_av_one_full  avia-builder-el-first  av-inherit-size'><h3 class='av-special-heading-tag'  itemprop=\"headline\"  ><b><span style=\"color: #327fef;\">Infraestrutura<\/span><\/b><\/h3><div class=\"special-heading-border\"><div class=\"special-heading-inner-border\"><\/div><\/div><\/div>\n<div  class='flex_column av-11d1hrj-c9df378cf59c0ede2992989680535042 av_one_full  avia-builder-el-3  el_after_av_heading  el_before_av_one_third  first flex_column_div  '     ><section  class='av_textblock_section av-mkveiim1-d94c8dc3868da7021cc3e08c7a55e1d1 '   itemscope=\"itemscope\" itemtype=\"https:\/\/schema.org\/CreativeWork\" ><div class='avia_textblock'  itemprop=\"text\" ><p>A linha de Infraestrutura da Aligera oferece plataformas robustas e vers\u00e1teis para suportar aplica\u00e7\u00f5es cr\u00edticas de telecomunica\u00e7\u00f5es, dados e sistemas corporativos. Desenvolvidas para alta disponibilidade e customiza\u00e7\u00e3o, essas solu\u00e7\u00f5es funcionam como a base confi\u00e1vel para softwares propriet\u00e1rios e arquiteturas de comunica\u00e7\u00e3o modernas.<\/p>\n<\/div><\/section><\/div><div  class='flex_column av-6wsosj-8ca7a5774e51d919b38afa594502132f av_one_third  avia-builder-el-5  el_after_av_one_full  el_before_av_one_third  first flex_column_div  column-top-margin'     ><p>\n<style type=\"text\/css\" data-created_by=\"avia_inline_auto\" id=\"style-css-av-ml0o9si2-3f55ae5c1eaef76b034458c8675e4cc7\">\n#top .av-special-heading.av-ml0o9si2-3f55ae5c1eaef76b034458c8675e4cc7{\npadding-bottom:10px;\ncolor:#327fef;\nfont-size:30px;\n}\nbody .av-special-heading.av-ml0o9si2-3f55ae5c1eaef76b034458c8675e4cc7 .av-special-heading-tag .heading-char{\nfont-size:25px;\n}\n#top #wrap_all .av-special-heading.av-ml0o9si2-3f55ae5c1eaef76b034458c8675e4cc7 .av-special-heading-tag{\nfont-size:30px;\n}\n.av-special-heading.av-ml0o9si2-3f55ae5c1eaef76b034458c8675e4cc7 .special-heading-inner-border{\nborder-color:#327fef;\n}\n.av-special-heading.av-ml0o9si2-3f55ae5c1eaef76b034458c8675e4cc7 .av-subheading{\nfont-size:22px;\n}\n\n@media only screen and (min-width: 480px) and (max-width: 767px){ \n#top #wrap_all .av-special-heading.av-ml0o9si2-3f55ae5c1eaef76b034458c8675e4cc7 .av-special-heading-tag{\nfont-size:0.8em;\n}\n}\n\n@media only screen and (max-width: 479px){ \n#top #wrap_all .av-special-heading.av-ml0o9si2-3f55ae5c1eaef76b034458c8675e4cc7 .av-special-heading-tag{\nfont-size:0.8em;\n}\n}\n<\/style>\n<div  class='av-special-heading av-ml0o9si2-3f55ae5c1eaef76b034458c8675e4cc7 av-special-heading-h3 custom-color-heading blockquote modern-quote  avia-builder-el-6  el_before_av_textblock  avia-builder-el-first  av-inherit-size'><h3 class='av-special-heading-tag'  itemprop=\"headline\"  ><b><span style=\"color: #34393f;\">Servers e Appliances<\/span><\/b><\/h3><div class=\"special-heading-border\"><div class=\"special-heading-inner-border\"><\/div><\/div><\/div><br \/>\n<section  class='av_textblock_section av-ml0oamqr-812d91309de803768b564fee983e646e '   itemscope=\"itemscope\" itemtype=\"https:\/\/schema.org\/CreativeWork\" ><div class='avia_textblock'  itemprop=\"text\" ><p>Os Servers e Appliances Aligera s\u00e3o plataformas profissionais projetadas para executar aplica\u00e7\u00f5es de telefonia IP, softswitch, SBC, automa\u00e7\u00e3o, educa\u00e7\u00e3o e solu\u00e7\u00f5es corporativas. Com op\u00e7\u00f5es de customiza\u00e7\u00e3o de hardware, redund\u00e2ncia e produ\u00e7\u00e3o em OEM, atendem desde projetos compactos at\u00e9 ambientes de miss\u00e3o cr\u00edtica com alto n\u00edvel de exig\u00eancia.<\/p>\n<\/div><\/section><\/p><\/div><div  class='flex_column av-5mtlgj-65a07fe3d734426fdabfd6b595af1238 av_one_third  avia-builder-el-8  el_after_av_one_third  el_before_av_one_third  flex_column_div  column-top-margin'     ><p>\n<style type=\"text\/css\" data-created_by=\"avia_inline_auto\" id=\"style-css-av-ml0od3zz-d3dcb8591c3cacc925c2c4238e3c5df8\">\n.avia-image-container.av-ml0od3zz-d3dcb8591c3cacc925c2c4238e3c5df8 img.avia_image{\nbox-shadow:none;\n}\n.avia-image-container.av-ml0od3zz-d3dcb8591c3cacc925c2c4238e3c5df8 .av-image-caption-overlay-center{\ncolor:#ffffff;\n}\n<\/style>\n<div  class='avia-image-container av-ml0od3zz-d3dcb8591c3cacc925c2c4238e3c5df8 av-styling- avia-align-center  avia-builder-el-9  el_before_av_heading  avia-builder-el-first '   itemprop=\"image\" itemscope=\"itemscope\" itemtype=\"https:\/\/schema.org\/ImageObject\" ><div class=\"avia-image-container-inner\"><div class=\"avia-image-overlay-wrap\"><a href=\"https:\/\/aligera.com.br\/novo\/ag800-2026\/\" class='avia_image'  aria-label='AG800'><img decoding=\"async\" fetchpriority=\"high\" class='wp-image-307 avia-img-lazy-loading-not-307 avia_image ' src=\"https:\/\/aligera.com.br\/novo\/wp-content\/uploads\/2023\/12\/AG800.png\" alt='' title='AG800'  height=\"248\" width=\"760\"  itemprop=\"thumbnailUrl\" srcset=\"https:\/\/aligera.com.br\/novo\/wp-content\/uploads\/2023\/12\/AG800.png 760w, https:\/\/aligera.com.br\/novo\/wp-content\/uploads\/2023\/12\/AG800-300x98.png 300w, https:\/\/aligera.com.br\/novo\/wp-content\/uploads\/2023\/12\/AG800-705x230.png 705w\" sizes=\"(max-width: 760px) 100vw, 760px\" \/><\/a><\/div><\/div><\/div><br \/>\n\n<style type=\"text\/css\" data-created_by=\"avia_inline_auto\" id=\"style-css-av-ml0oecdc-cbb6c7e00f3039bbd3efc2ab68bbc0c8\">\n#top .av-special-heading.av-ml0oecdc-cbb6c7e00f3039bbd3efc2ab68bbc0c8{\npadding-bottom:10px;\ncolor:#327fef;\nfont-size:22px;\n}\nbody .av-special-heading.av-ml0oecdc-cbb6c7e00f3039bbd3efc2ab68bbc0c8 .av-special-heading-tag .heading-char{\nfont-size:25px;\n}\n#top #wrap_all .av-special-heading.av-ml0oecdc-cbb6c7e00f3039bbd3efc2ab68bbc0c8 .av-special-heading-tag{\nfont-size:22px;\n}\n.av-special-heading.av-ml0oecdc-cbb6c7e00f3039bbd3efc2ab68bbc0c8 .special-heading-inner-border{\nborder-color:#327fef;\n}\n.av-special-heading.av-ml0oecdc-cbb6c7e00f3039bbd3efc2ab68bbc0c8 .av-subheading{\nfont-size:22px;\n}\n\n@media only screen and (min-width: 480px) and (max-width: 767px){ \n#top #wrap_all .av-special-heading.av-ml0oecdc-cbb6c7e00f3039bbd3efc2ab68bbc0c8 .av-special-heading-tag{\nfont-size:0.8em;\n}\n}\n\n@media only screen and (max-width: 479px){ \n#top #wrap_all .av-special-heading.av-ml0oecdc-cbb6c7e00f3039bbd3efc2ab68bbc0c8 .av-special-heading-tag{\nfont-size:0.8em;\n}\n}\n<\/style>\n<div  class='av-special-heading av-ml0oecdc-cbb6c7e00f3039bbd3efc2ab68bbc0c8 av-special-heading-h3 custom-color-heading blockquote modern-quote modern-centered  avia-builder-el-10  el_after_av_image  avia-builder-el-last  av-inherit-size av-linked-heading'><h3 class='av-special-heading-tag'  itemprop=\"headline\"  ><a class=\"av-heading-link\" href=\"https:\/\/aligera.com.br\/novo\/ag800-2026\/\" ><b><span style=\"color: #34393f;\">AG800<\/span><\/b><\/a><\/h3><div class=\"special-heading-border\"><div class=\"special-heading-inner-border\"><\/div><\/div><\/div><\/p><\/div><div  class='flex_column av-2ke46i-0dafa8fe0a8ac71855d78d024115246b av_one_third  avia-builder-el-11  el_after_av_one_third  avia-builder-el-last  flex_column_div  column-top-margin'     ><p>\n<style type=\"text\/css\" data-created_by=\"avia_inline_auto\" id=\"style-css-av-ml0orzo0-3abb09d6ae98434fde047b10fe181186\">\n.avia-image-container.av-ml0orzo0-3abb09d6ae98434fde047b10fe181186 img.avia_image{\nbox-shadow:none;\n}\n.avia-image-container.av-ml0orzo0-3abb09d6ae98434fde047b10fe181186 .av-image-caption-overlay-center{\ncolor:#ffffff;\n}\n<\/style>\n<div  class='avia-image-container av-ml0orzo0-3abb09d6ae98434fde047b10fe181186 av-styling- avia-align-center  avia-builder-el-12  el_before_av_heading  avia-builder-el-first '   itemprop=\"image\" itemscope=\"itemscope\" itemtype=\"https:\/\/schema.org\/ImageObject\" ><div class=\"avia-image-container-inner\"><div class=\"avia-image-overlay-wrap\"><a href=\"https:\/\/aligera.com.br\/novo\/mini-server-2026\/\" class='avia_image'  aria-label='mini-server-300x291-1'><img decoding=\"async\" fetchpriority=\"high\" class='wp-image-3848 avia-img-lazy-loading-not-3848 avia_image ' src=\"https:\/\/aligera.com.br\/novo\/wp-content\/uploads\/2026\/03\/mini-server-300x291-1-1.png\" alt='' title='mini-server-300x291-1'  height=\"248\" width=\"760\"  itemprop=\"thumbnailUrl\" srcset=\"https:\/\/aligera.com.br\/novo\/wp-content\/uploads\/2026\/03\/mini-server-300x291-1-1.png 760w, https:\/\/aligera.com.br\/novo\/wp-content\/uploads\/2026\/03\/mini-server-300x291-1-1-300x98.png 300w, https:\/\/aligera.com.br\/novo\/wp-content\/uploads\/2026\/03\/mini-server-300x291-1-1-705x230.png 705w\" sizes=\"(max-width: 760px) 100vw, 760px\" \/><\/a><\/div><\/div><\/div><br \/>\n\n<style type=\"text\/css\" data-created_by=\"avia_inline_auto\" id=\"style-css-av-ml0osltf-18cae2ec24fdcde51b95ddda712ec217\">\n#top .av-special-heading.av-ml0osltf-18cae2ec24fdcde51b95ddda712ec217{\npadding-bottom:10px;\ncolor:#327fef;\nfont-size:22px;\n}\nbody .av-special-heading.av-ml0osltf-18cae2ec24fdcde51b95ddda712ec217 .av-special-heading-tag .heading-char{\nfont-size:25px;\n}\n#top #wrap_all .av-special-heading.av-ml0osltf-18cae2ec24fdcde51b95ddda712ec217 .av-special-heading-tag{\nfont-size:22px;\n}\n.av-special-heading.av-ml0osltf-18cae2ec24fdcde51b95ddda712ec217 .special-heading-inner-border{\nborder-color:#327fef;\n}\n.av-special-heading.av-ml0osltf-18cae2ec24fdcde51b95ddda712ec217 .av-subheading{\nfont-size:22px;\n}\n\n@media only screen and (min-width: 480px) and (max-width: 767px){ \n#top #wrap_all .av-special-heading.av-ml0osltf-18cae2ec24fdcde51b95ddda712ec217 .av-special-heading-tag{\nfont-size:0.8em;\n}\n}\n\n@media only screen and (max-width: 479px){ \n#top #wrap_all .av-special-heading.av-ml0osltf-18cae2ec24fdcde51b95ddda712ec217 .av-special-heading-tag{\nfont-size:0.8em;\n}\n}\n<\/style>\n<div  class='av-special-heading av-ml0osltf-18cae2ec24fdcde51b95ddda712ec217 av-special-heading-h3 custom-color-heading blockquote modern-quote modern-centered  avia-builder-el-13  el_after_av_image  avia-builder-el-last  av-inherit-size av-linked-heading'><h3 class='av-special-heading-tag'  itemprop=\"headline\"  ><a class=\"av-heading-link\" href=\"https:\/\/aligera.com.br\/novo\/mini-server-2026\/\" ><b><span style=\"color: #34393f;\">Mini Server<\/span><\/b><\/a><\/h3><div class=\"special-heading-border\"><div class=\"special-heading-inner-border\"><\/div><\/div><\/div><\/p><\/div>\n","protected":false},"excerpt":{"rendered":"","protected":false},"author":1,"featured_media":0,"parent":0,"menu_order":0,"comment_status":"closed","ping_status":"closed","template":"","meta":{"footnotes":""},"class_list":["post-3274","page","type-page","status-publish","hentry"],"_links":{"self":[{"href":"https:\/\/aligera.com.br\/novo\/wp-json\/wp\/v2\/pages\/3274","targetHints":{"allow":["GET"]}}],"collection":[{"href":"https:\/\/aligera.com.br\/novo\/wp-json\/wp\/v2\/pages"}],"about":[{"href":"https:\/\/aligera.com.br\/novo\/wp-json\/wp\/v2\/types\/page"}],"author":[{"embeddable":true,"href":"https:\/\/aligera.com.br\/novo\/wp-json\/wp\/v2\/users\/1"}],"replies":[{"embeddable":true,"href":"https:\/\/aligera.com.br\/novo\/wp-json\/wp\/v2\/comments?post=3274"}],"version-history":[{"count":6,"href":"https:\/\/aligera.com.br\/novo\/wp-json\/wp\/v2\/pages\/3274\/revisions"}],"predecessor-version":[{"id":3918,"href":"https:\/\/aligera.com.br\/novo\/wp-json\/wp\/v2\/pages\/3274\/revisions\/3918"}],"wp:attachment":[{"href":"https:\/\/aligera.com.br\/novo\/wp-json\/wp\/v2\/media?parent=3274"}],"curies":[{"name":"wp","href":"https:\/\/api.w.org\/{rel}","templated":true}]}}