{"id":3268,"date":"2026-01-30T06:40:25","date_gmt":"2026-01-30T09:40:25","guid":{"rendered":"https:\/\/aligera.com.br\/novo\/?page_id=3268"},"modified":"2026-03-23T17:18:02","modified_gmt":"2026-03-23T20:18:02","slug":"conectividade-2026","status":"publish","type":"page","link":"https:\/\/aligera.com.br\/novo\/conectividade-2026\/","title":{"rendered":".Conectividade"},"content":{"rendered":"<div id='full_slider_1'  class='avia-fullwidth-slider main_color avia-shadow   avia-builder-el-0  el_before_av_section  avia-builder-el-first   container_wrap fullsize'  >\n<style type=\"text\/css\" data-created_by=\"avia_inline_auto\" id=\"style-css-av-mkvei1nn-d03d4511bcf8f0fb1e3583079e907037\">\n#top #wrap_all .avia-slideshow .av-slideshow-caption.av-mkvei1nn-d03d4511bcf8f0fb1e3583079e907037__0 .avia-caption-title{\nfont-size:35px;\ncolor:#ffffff;\n}\n<\/style>\n<div  class='avia-slideshow av-mkvei1nn-d03d4511bcf8f0fb1e3583079e907037 avia-slideshow-featured av_slideshow_full avia-slide-slider av-slideshow-ui av-control-default av-slideshow-manual av-loop-once av-loop-manual-endless av-default-height-applied   avia-slideshow-1' data-slideshow-options=\"{&quot;animation&quot;:&quot;slide&quot;,&quot;autoplay&quot;:false,&quot;loop_autoplay&quot;:&quot;once&quot;,&quot;interval&quot;:5,&quot;loop_manual&quot;:&quot;manual-endless&quot;,&quot;autoplay_stopper&quot;:false,&quot;noNavigation&quot;:false,&quot;bg_slider&quot;:false,&quot;keep_padding&quot;:false,&quot;hoverpause&quot;:false,&quot;show_slide_delay&quot;:0}\"  itemprop=\"image\" itemscope=\"itemscope\" itemtype=\"https:\/\/schema.org\/ImageObject\" ><ul class='avia-slideshow-inner ' style='padding-bottom: 28.666666666667%;'><li  data-controls='aviaTBaviaTBvideo_controls' data-mute='aviaTBaviaTBvideo_mute' data-loop='aviaTBaviaTBvideo_loop' data-disable-autoplay=''  data-video-ratio='5' class='avia-slideshow-slide av-mkvei1nn-d03d4511bcf8f0fb1e3583079e907037__0  av-video-slide  av-video-service-html5  av-hide-video-controls av-mute-video av-loop-video av-mobile-fallback-image  av-single-slide slide-1 slide-odd'><div data-rel='slideshow-1' class='avia-slide-wrap '    itemprop=\"video\" itemtype=\"https:\/\/schema.org\/VideoObject\" ><div class='av-slideshow-caption av-mkvei1nn-d03d4511bcf8f0fb1e3583079e907037__0 caption_fullwidth caption_center caption_center_framed caption_framed'><div class=\"container caption_container\"><div class=\"slideshow_caption\"><div class=\"slideshow_inner_caption\"><div class=\"slideshow_align_caption\"><h2 class='avia-caption-title '  itemprop=\"name\" >SD-WAN para performance, continuidade e controle entre unidades<\/h2><\/div><\/div><\/div><\/div><\/div><div class='av-click-overlay'><\/div><video class='avia_video'  autoplay playsinline loop preload=\"metadata\" muted  id='player_3268_81877939_1376514545'><source src=\"https:\/\/aligera.com.br\/novo\/wp-content\/uploads\/2026\/01\/vitriolicnaivety_futuristic_glowing_light_trails_flowing_acro_fdbad10e-5cf1-4e82-979e-3546680c8145_0.mp4\" type=\"video\/mp4\" \/><\/video><div class=\"av-click-to-play-overlay\"><div class=\"avia_playpause_icon\"><\/div><\/div><\/div><\/li><\/ul><\/div><\/div>\n<div id='av_section_1'  class='avia-section av-3y0t3z-358d1ee69a84ac30bcc59368cadc82f9 main_color avia-section-default avia-no-border-styling  avia-builder-el-1  el_after_av_slideshow_full  avia-builder-el-last  avia-bg-style-scroll container_wrap fullsize'  ><div class='container av-section-cont-open' ><div class='template-page content  av-content-full alpha units'><div class='post-entry post-entry-type-page post-entry-3268'><div class='entry-content-wrapper clearfix'>\n\n<style type=\"text\/css\" data-created_by=\"avia_inline_auto\" id=\"style-css-av-mkvefyuq-f383dfded6a3b4ff80ac90718322ff42\">\n#top .av-special-heading.av-mkvefyuq-f383dfded6a3b4ff80ac90718322ff42{\npadding-bottom:10px;\ncolor:#327fef;\nfont-size:36px;\n}\nbody .av-special-heading.av-mkvefyuq-f383dfded6a3b4ff80ac90718322ff42 .av-special-heading-tag .heading-char{\nfont-size:25px;\n}\n#top #wrap_all .av-special-heading.av-mkvefyuq-f383dfded6a3b4ff80ac90718322ff42 .av-special-heading-tag{\nfont-size:36px;\n}\n.av-special-heading.av-mkvefyuq-f383dfded6a3b4ff80ac90718322ff42 .special-heading-inner-border{\nborder-color:#327fef;\n}\n.av-special-heading.av-mkvefyuq-f383dfded6a3b4ff80ac90718322ff42 .av-subheading{\nfont-size:22px;\n}\n\n@media only screen and (min-width: 480px) and (max-width: 767px){ \n#top #wrap_all .av-special-heading.av-mkvefyuq-f383dfded6a3b4ff80ac90718322ff42 .av-special-heading-tag{\nfont-size:0.8em;\n}\n}\n\n@media only screen and (max-width: 479px){ \n#top #wrap_all .av-special-heading.av-mkvefyuq-f383dfded6a3b4ff80ac90718322ff42 .av-special-heading-tag{\nfont-size:0.8em;\n}\n}\n<\/style>\n<div  class='av-special-heading av-mkvefyuq-f383dfded6a3b4ff80ac90718322ff42 av-special-heading-h3 custom-color-heading blockquote modern-quote  avia-builder-el-2  el_before_av_one_full  avia-builder-el-first  av-inherit-size'><h3 class='av-special-heading-tag'  itemprop=\"headline\"  ><b><span style=\"color: #fd8402;\">Conectividade<\/span><\/b><\/h3><div class=\"special-heading-border\"><div class=\"special-heading-inner-border\"><\/div><\/div><\/div>\n<div  class='flex_column av-11d1hrj-c9df378cf59c0ede2992989680535042 av_one_full  avia-builder-el-3  el_after_av_heading  el_before_av_heading  first flex_column_div  '     ><section  class='av_textblock_section av-mkveiim1-d94c8dc3868da7021cc3e08c7a55e1d1 '   itemscope=\"itemscope\" itemtype=\"https:\/\/schema.org\/CreativeWork\" ><div class='avia_textblock'  itemprop=\"text\" ><p>As solu\u00e7\u00f5es de Conectividade da Aligera garantem disponibilidade, desempenho e intelig\u00eancia na comunica\u00e7\u00e3o de dados entre unidades, filiais e ambientes distribu\u00eddos. Focadas em resili\u00eancia e controle, elas permitem que a rede acompanhe o ritmo do neg\u00f3cio sem comprometer estabilidade ou seguran\u00e7a.<\/p>\n<\/div><\/section><\/div>\n<style type=\"text\/css\" data-created_by=\"avia_inline_auto\" id=\"style-css-av-ml0oxgvx-f7ad63bfc4be251aafff070ce1ff3d93\">\n#top .av-special-heading.av-ml0oxgvx-f7ad63bfc4be251aafff070ce1ff3d93{\npadding-bottom:10px;\ncolor:#327fef;\nfont-size:30px;\n}\nbody .av-special-heading.av-ml0oxgvx-f7ad63bfc4be251aafff070ce1ff3d93 .av-special-heading-tag .heading-char{\nfont-size:25px;\n}\n#top #wrap_all .av-special-heading.av-ml0oxgvx-f7ad63bfc4be251aafff070ce1ff3d93 .av-special-heading-tag{\nfont-size:30px;\n}\n.av-special-heading.av-ml0oxgvx-f7ad63bfc4be251aafff070ce1ff3d93 .special-heading-inner-border{\nborder-color:#327fef;\n}\n.av-special-heading.av-ml0oxgvx-f7ad63bfc4be251aafff070ce1ff3d93 .av-subheading{\nfont-size:22px;\n}\n\n@media only screen and (min-width: 480px) and (max-width: 767px){ \n#top #wrap_all .av-special-heading.av-ml0oxgvx-f7ad63bfc4be251aafff070ce1ff3d93 .av-special-heading-tag{\nfont-size:0.8em;\n}\n}\n\n@media only screen and (max-width: 479px){ \n#top #wrap_all .av-special-heading.av-ml0oxgvx-f7ad63bfc4be251aafff070ce1ff3d93 .av-special-heading-tag{\nfont-size:0.8em;\n}\n}\n<\/style>\n<div  class='av-special-heading av-ml0oxgvx-f7ad63bfc4be251aafff070ce1ff3d93 av-special-heading-h3 custom-color-heading blockquote modern-quote  avia-builder-el-5  el_after_av_one_full  el_before_av_three_fifth  av-inherit-size'><h3 class='av-special-heading-tag'  itemprop=\"headline\"  ><b><span style=\"color: #34393f;\">SD-WAN<\/span><\/b><\/h3><div class=\"special-heading-border\"><div class=\"special-heading-inner-border\"><\/div><\/div><\/div>\n<div  class='flex_column av-3rbolw-5b7fcbbb3286f2fdb608ea7e3fbedc4b av_three_fifth  avia-builder-el-6  el_after_av_heading  el_before_av_two_fifth  first flex_column_div  '     ><section  class='av_textblock_section av-ml0oymeb-cee1fc8e2d305d86c26acf8c7fa3e1fd '   itemscope=\"itemscope\" itemtype=\"https:\/\/schema.org\/CreativeWork\" ><div class='avia_textblock'  itemprop=\"text\" ><p>A solu\u00e7\u00e3o SD-WAN da Aligera permite o gerenciamento inteligente de m\u00faltiplos links de internet, garantindo alta disponibilidade, balanceamento de carga e failover autom\u00e1tico. Com controle centralizado e pol\u00edticas avan\u00e7adas de tr\u00e1fego, a SD-WAN assegura conectividade est\u00e1vel, desempenho otimizado e continuidade operacional para aplica\u00e7\u00f5es cr\u00edticas.<\/p>\n<\/div><\/section><\/div><div  class='flex_column av-36il0k-a7b4f8f77c3668896c201b7bb83bd428 av_two_fifth  avia-builder-el-8  el_after_av_three_fifth  avia-builder-el-last  flex_column_div  '     ><p>\n<style type=\"text\/css\" data-created_by=\"avia_inline_auto\" id=\"style-css-av-ml0ozcsu-caceb0a8be7e0e2a0e197d14d6b58f42\">\n.avia-image-container.av-ml0ozcsu-caceb0a8be7e0e2a0e197d14d6b58f42 img.avia_image{\nbox-shadow:none;\n}\n.avia-image-container.av-ml0ozcsu-caceb0a8be7e0e2a0e197d14d6b58f42 .av-image-caption-overlay-center{\ncolor:#ffffff;\n}\n<\/style>\n<div  class='avia-image-container av-ml0ozcsu-caceb0a8be7e0e2a0e197d14d6b58f42 av-styling- avia-align-center  avia-builder-el-9  el_before_av_heading  avia-builder-el-first '   itemprop=\"image\" itemscope=\"itemscope\" itemtype=\"https:\/\/schema.org\/ImageObject\" ><div class=\"avia-image-container-inner\"><div class=\"avia-image-overlay-wrap\"><a href=\"https:\/\/aligera.com.br\/novo\/ar3000\/\" class='avia_image'  aria-label='sdwan_1'><img decoding=\"async\" fetchpriority=\"high\" class='wp-image-3160 avia-img-lazy-loading-not-3160 avia_image ' src=\"https:\/\/aligera.com.br\/novo\/wp-content\/uploads\/2026\/01\/sdwan_1-1030x271.png\" alt='' title='sdwan_1'  height=\"271\" width=\"1030\"  itemprop=\"thumbnailUrl\" srcset=\"https:\/\/aligera.com.br\/novo\/wp-content\/uploads\/2026\/01\/sdwan_1-1030x271.png 1030w, https:\/\/aligera.com.br\/novo\/wp-content\/uploads\/2026\/01\/sdwan_1-300x79.png 300w, https:\/\/aligera.com.br\/novo\/wp-content\/uploads\/2026\/01\/sdwan_1-768x202.png 768w, https:\/\/aligera.com.br\/novo\/wp-content\/uploads\/2026\/01\/sdwan_1-1536x404.png 1536w, https:\/\/aligera.com.br\/novo\/wp-content\/uploads\/2026\/01\/sdwan_1-2048x539.png 2048w, https:\/\/aligera.com.br\/novo\/wp-content\/uploads\/2026\/01\/sdwan_1-1500x395.png 1500w, https:\/\/aligera.com.br\/novo\/wp-content\/uploads\/2026\/01\/sdwan_1-705x186.png 705w\" sizes=\"(max-width: 1030px) 100vw, 1030px\" \/><\/a><\/div><\/div><\/div><br \/>\n\n<style type=\"text\/css\" data-created_by=\"avia_inline_auto\" id=\"style-css-av-ml0ozt3a-9fd66bb5c9cb1785c5f11f76b8491fc7\">\n#top .av-special-heading.av-ml0ozt3a-9fd66bb5c9cb1785c5f11f76b8491fc7{\npadding-bottom:10px;\ncolor:#327fef;\nfont-size:22px;\n}\nbody .av-special-heading.av-ml0ozt3a-9fd66bb5c9cb1785c5f11f76b8491fc7 .av-special-heading-tag .heading-char{\nfont-size:25px;\n}\n#top #wrap_all .av-special-heading.av-ml0ozt3a-9fd66bb5c9cb1785c5f11f76b8491fc7 .av-special-heading-tag{\nfont-size:22px;\n}\n.av-special-heading.av-ml0ozt3a-9fd66bb5c9cb1785c5f11f76b8491fc7 .special-heading-inner-border{\nborder-color:#327fef;\n}\n.av-special-heading.av-ml0ozt3a-9fd66bb5c9cb1785c5f11f76b8491fc7 .av-subheading{\nfont-size:22px;\n}\n\n@media only screen and (min-width: 480px) and (max-width: 767px){ \n#top #wrap_all .av-special-heading.av-ml0ozt3a-9fd66bb5c9cb1785c5f11f76b8491fc7 .av-special-heading-tag{\nfont-size:0.8em;\n}\n}\n\n@media only screen and (max-width: 479px){ \n#top #wrap_all .av-special-heading.av-ml0ozt3a-9fd66bb5c9cb1785c5f11f76b8491fc7 .av-special-heading-tag{\nfont-size:0.8em;\n}\n}\n<\/style>\n<div  class='av-special-heading av-ml0ozt3a-9fd66bb5c9cb1785c5f11f76b8491fc7 av-special-heading-h3 custom-color-heading blockquote modern-quote modern-centered  avia-builder-el-10  el_after_av_image  avia-builder-el-last  av-inherit-size av-linked-heading'><h3 class='av-special-heading-tag'  itemprop=\"headline\"  ><a class=\"av-heading-link\" href=\"https:\/\/aligera.com.br\/novo\/ar3000\/\" ><b><span style=\"color: #34393f;\">AR3000<\/span><\/b><\/a><\/h3><div class=\"special-heading-border\"><div class=\"special-heading-inner-border\"><\/div><\/div><\/div><\/p><\/div>\n\n","protected":false},"excerpt":{"rendered":"","protected":false},"author":1,"featured_media":0,"parent":0,"menu_order":0,"comment_status":"closed","ping_status":"closed","template":"","meta":{"footnotes":""},"class_list":["post-3268","page","type-page","status-publish","hentry"],"_links":{"self":[{"href":"https:\/\/aligera.com.br\/novo\/wp-json\/wp\/v2\/pages\/3268","targetHints":{"allow":["GET"]}}],"collection":[{"href":"https:\/\/aligera.com.br\/novo\/wp-json\/wp\/v2\/pages"}],"about":[{"href":"https:\/\/aligera.com.br\/novo\/wp-json\/wp\/v2\/types\/page"}],"author":[{"embeddable":true,"href":"https:\/\/aligera.com.br\/novo\/wp-json\/wp\/v2\/users\/1"}],"replies":[{"embeddable":true,"href":"https:\/\/aligera.com.br\/novo\/wp-json\/wp\/v2\/comments?post=3268"}],"version-history":[{"count":5,"href":"https:\/\/aligera.com.br\/novo\/wp-json\/wp\/v2\/pages\/3268\/revisions"}],"predecessor-version":[{"id":3919,"href":"https:\/\/aligera.com.br\/novo\/wp-json\/wp\/v2\/pages\/3268\/revisions\/3919"}],"wp:attachment":[{"href":"https:\/\/aligera.com.br\/novo\/wp-json\/wp\/v2\/media?parent=3268"}],"curies":[{"name":"wp","href":"https:\/\/api.w.org\/{rel}","templated":true}]}}