{"id":3190,"date":"2026-01-26T13:36:37","date_gmt":"2026-01-26T16:36:37","guid":{"rendered":"https:\/\/aligera.com.br\/novo\/?page_id=3190"},"modified":"2026-03-23T17:18:38","modified_gmt":"2026-03-23T20:18:38","slug":"missao-critica","status":"publish","type":"page","link":"https:\/\/aligera.com.br\/novo\/missao-critica\/","title":{"rendered":".Miss\u00e3o Cr\u00edtica"},"content":{"rendered":"<div id='full_slider_1'  class='avia-fullwidth-slider main_color avia-shadow   avia-builder-el-0  el_before_av_section  avia-builder-el-first   container_wrap fullsize'  ><div  class='avia-slideshow av-mkvduqvc-c1fe50f3acb86d155b660289152dce84 avia-slideshow-featured av_slideshow_full avia-slide-slider av-slideshow-ui av-control-default av-slideshow-manual av-loop-once av-loop-manual-endless av-default-height-applied   avia-slideshow-1' data-slideshow-options=\"{&quot;animation&quot;:&quot;slide&quot;,&quot;autoplay&quot;:false,&quot;loop_autoplay&quot;:&quot;once&quot;,&quot;interval&quot;:5,&quot;loop_manual&quot;:&quot;manual-endless&quot;,&quot;autoplay_stopper&quot;:false,&quot;noNavigation&quot;:false,&quot;bg_slider&quot;:false,&quot;keep_padding&quot;:false,&quot;hoverpause&quot;:false,&quot;show_slide_delay&quot;:0}\"  itemprop=\"image\" itemscope=\"itemscope\" itemtype=\"https:\/\/schema.org\/ImageObject\" ><ul class='avia-slideshow-inner ' style='padding-bottom: 28.666666666667%;'><li  data-controls='aviaTBaviaTBvideo_controls' data-mute='aviaTBaviaTBvideo_mute' data-loop='aviaTBaviaTBvideo_loop' data-disable-autoplay=''  data-video-ratio='4' class='avia-slideshow-slide av-mkvduqvc-c1fe50f3acb86d155b660289152dce84__0  av-video-slide  av-video-service-html5  av-hide-video-controls av-mute-video av-loop-video av-mobile-fallback-image  av-single-slide slide-1 slide-odd'><div data-rel='slideshow-1' class='avia-slide-wrap '    itemprop=\"video\" itemtype=\"https:\/\/schema.org\/VideoObject\" ><div class='av-click-overlay'><\/div><video class='avia_video'  autoplay playsinline loop preload=\"metadata\" muted  id='player_3190_2086024804_440365895'><source src=\"https:\/\/aligera.com.br\/novo\/wp-content\/uploads\/2026\/01\/vitriolicnaivety_futuristic_glowing_light_trails_flowing_acro_9cc3bee1-06fa-4fd6-a0d8-fee916e6432e_0.mp4\" type=\"video\/mp4\" \/><\/video><div class=\"av-click-to-play-overlay\"><div class=\"avia_playpause_icon\"><\/div><\/div><\/div><\/li><\/ul><\/div><\/div>\n<div id='av_section_1'  class='avia-section av-12gb8t6-3919607496644ab980f9b740ed2edc50 main_color avia-section-default avia-no-border-styling  avia-builder-el-1  el_after_av_slideshow_full  avia-builder-el-last  avia-bg-style-scroll container_wrap fullsize'  ><div class='container av-section-cont-open' ><div class='template-page content  av-content-full alpha units'><div class='post-entry post-entry-type-page post-entry-3190'><div class='entry-content-wrapper clearfix'>\n<div  class='flex_column av-110ge0q-8b5f99e4413aa0cc36fffd2f141019eb av_one_half  avia-builder-el-2  el_before_av_one_half  avia-builder-el-first  first flex_column_div  '     ><p>\n<style type=\"text\/css\" data-created_by=\"avia_inline_auto\" id=\"style-css-av-mkvdri3a-66ffbf1e25975a680df299afea55f8b3\">\n#top .av-special-heading.av-mkvdri3a-66ffbf1e25975a680df299afea55f8b3{\npadding-bottom:10px;\ncolor:#327fef;\nfont-size:36px;\n}\nbody .av-special-heading.av-mkvdri3a-66ffbf1e25975a680df299afea55f8b3 .av-special-heading-tag .heading-char{\nfont-size:25px;\n}\n#top #wrap_all .av-special-heading.av-mkvdri3a-66ffbf1e25975a680df299afea55f8b3 .av-special-heading-tag{\nfont-size:36px;\n}\n.av-special-heading.av-mkvdri3a-66ffbf1e25975a680df299afea55f8b3 .special-heading-inner-border{\nborder-color:#327fef;\n}\n.av-special-heading.av-mkvdri3a-66ffbf1e25975a680df299afea55f8b3 .av-subheading{\nfont-size:22px;\ncolor:#34393f;\n}\n\n@media only screen and (min-width: 480px) and (max-width: 767px){ \n#top #wrap_all .av-special-heading.av-mkvdri3a-66ffbf1e25975a680df299afea55f8b3 .av-special-heading-tag{\nfont-size:0.8em;\n}\n}\n\n@media only screen and (max-width: 479px){ \n#top #wrap_all .av-special-heading.av-mkvdri3a-66ffbf1e25975a680df299afea55f8b3 .av-special-heading-tag{\nfont-size:0.8em;\n}\n}\n<\/style>\n<div  class='av-special-heading av-mkvdri3a-66ffbf1e25975a680df299afea55f8b3 av-special-heading-h3 custom-color-heading blockquote modern-quote  avia-builder-el-3  el_before_av_textblock  avia-builder-el-first  av-inherit-size'><div class='av_custom_color av-subheading av-subheading_above'><p>Solu\u00e7\u00f5es para<\/p>\n<\/div><h3 class='av-special-heading-tag'  itemprop=\"headline\"  ><b><span style=\"color: #327fef;\">Miss\u00e3o Cr\u00edtica<\/span><\/b><\/h3><div class=\"special-heading-border\"><div class=\"special-heading-inner-border\"><\/div><\/div><\/div><br \/>\n<section  class='av_textblock_section av-mkvds1jb-7c5f63aace992641a6162c82bd30dbfd '   itemscope=\"itemscope\" itemtype=\"https:\/\/schema.org\/CreativeWork\" ><div class='avia_textblock'  itemprop=\"text\" ><p>Quando a comunica\u00e7\u00e3o n\u00e3o pode falhar, cada componente da rede precisa ser confi\u00e1vel, seguro e oper\u00e1vel. A Aligera entrega uma base robusta para ambientes cr\u00edticos, unindo prote\u00e7\u00e3o, redund\u00e2ncia e suporte t\u00e9cnico que entra em campo com velocidade.<\/p>\n<\/div><\/section><\/p><\/div><div  class='flex_column av-10db9qi-b7d6780ae5086c8e7c6e7385245e8c11 av_one_half  avia-builder-el-5  el_after_av_one_half  avia-builder-el-last  flex_column_div  '     ><section  class='av_textblock_section av-mkvdspld-00a2d2a55e6a9ae756882cb572e5ebe7 '   itemscope=\"itemscope\" itemtype=\"https:\/\/schema.org\/CreativeWork\" ><div class='avia_textblock'  itemprop=\"text\" ><ul>\n<li>Media Gateway SBC (seguran\u00e7a de borda, controle, prote\u00e7\u00e3o contra ataques, estabilidade)<\/li>\n<li>Gateway para transporte de E1 (legado cr\u00edtico, continuidade operacional)<\/li>\n<li>Media Gateway SIP-I (interconex\u00f5es sens\u00edveis e ambientes carrier)<\/li>\n<li>Server e Appliance (infraestrutura dedicada, padroniza\u00e7\u00e3o e confiabilidade)<\/li>\n<li>SD-WAN (redund\u00e2ncia de links e continuidade de aplica\u00e7\u00f5es)<\/li>\n<li>STIR\/SHAKEN (aumenta a confiabilidade e integridade de chamadas em cen\u00e1rios cr\u00edticos)<\/li>\n<\/ul>\n<\/div><\/section><\/div>\n\n","protected":false},"excerpt":{"rendered":"","protected":false},"author":1,"featured_media":0,"parent":0,"menu_order":0,"comment_status":"closed","ping_status":"closed","template":"","meta":{"footnotes":""},"class_list":["post-3190","page","type-page","status-publish","hentry"],"_links":{"self":[{"href":"https:\/\/aligera.com.br\/novo\/wp-json\/wp\/v2\/pages\/3190","targetHints":{"allow":["GET"]}}],"collection":[{"href":"https:\/\/aligera.com.br\/novo\/wp-json\/wp\/v2\/pages"}],"about":[{"href":"https:\/\/aligera.com.br\/novo\/wp-json\/wp\/v2\/types\/page"}],"author":[{"embeddable":true,"href":"https:\/\/aligera.com.br\/novo\/wp-json\/wp\/v2\/users\/1"}],"replies":[{"embeddable":true,"href":"https:\/\/aligera.com.br\/novo\/wp-json\/wp\/v2\/comments?post=3190"}],"version-history":[{"count":4,"href":"https:\/\/aligera.com.br\/novo\/wp-json\/wp\/v2\/pages\/3190\/revisions"}],"predecessor-version":[{"id":3926,"href":"https:\/\/aligera.com.br\/novo\/wp-json\/wp\/v2\/pages\/3190\/revisions\/3926"}],"wp:attachment":[{"href":"https:\/\/aligera.com.br\/novo\/wp-json\/wp\/v2\/media?parent=3190"}],"curies":[{"name":"wp","href":"https:\/\/api.w.org\/{rel}","templated":true}]}}